{"id":13407,"date":"2022-09-16T10:49:09","date_gmt":"2022-09-16T10:49:09","guid":{"rendered":"https:\/\/skin2go.r-s.space\/product\/navaja-knife-crimson-web\/"},"modified":"2023-04-26T18:39:58","modified_gmt":"2023-04-26T18:39:58","slug":"navaja-knife-crimson-web","status":"publish","type":"product","link":"https:\/\/skintrade.org\/pt-pt\/produto\/navaja-knife-crimson-web\/","title":{"rendered":"Crimson Web"},"content":{"rendered":"<p>A l\u00e2mina e a parte da frente da pega s\u00e3o pintadas de vermelho e adornadas com um padr\u00e3o de teia de aranha preto. A parte principal do cabo \u00e9 pintada de preto.<\/p>\n","protected":false},"excerpt":{"rendered":"<p>A l\u00e2mina e a parte da frente da pega s\u00e3o pintadas de vermelho e adornadas com um padr\u00e3o de teia de aranha preto. A parte principal do cabo \u00e9 pintada de preto.<\/p>\n","protected":false},"featured_media":12601,"template":"","meta":[],"product_brand":[],"product_cat":[312,301],"product_tag":[],"class_list":{"0":"post-13407","1":"product","2":"type-product","3":"status-publish","4":"has-post-thumbnail","6":"product_cat-faca-navaja","7":"product_cat-facas","8":"pa_rarity-secreto","9":"pa_start-three-stars-pt-pt","10":"pa_subcategories-faca-navaja","12":"first","13":"instock","14":"shipping-taxable","15":"purchasable","16":"product-type-simple"},"_links":{"self":[{"href":"https:\/\/skintrade.org\/pt-pt\/wp-json\/wp\/v2\/product\/13407","targetHints":{"allow":["GET"]}}],"collection":[{"href":"https:\/\/skintrade.org\/pt-pt\/wp-json\/wp\/v2\/product"}],"about":[{"href":"https:\/\/skintrade.org\/pt-pt\/wp-json\/wp\/v2\/types\/product"}],"wp:featuredmedia":[{"embeddable":true,"href":"https:\/\/skintrade.org\/pt-pt\/wp-json\/wp\/v2\/media\/12601"}],"wp:attachment":[{"href":"https:\/\/skintrade.org\/pt-pt\/wp-json\/wp\/v2\/media?parent=13407"}],"wp:term":[{"taxonomy":"product_brand","embeddable":true,"href":"https:\/\/skintrade.org\/pt-pt\/wp-json\/wp\/v2\/product_brand?post=13407"},{"taxonomy":"product_cat","embeddable":true,"href":"https:\/\/skintrade.org\/pt-pt\/wp-json\/wp\/v2\/product_cat?post=13407"},{"taxonomy":"product_tag","embeddable":true,"href":"https:\/\/skintrade.org\/pt-pt\/wp-json\/wp\/v2\/product_tag?post=13407"}],"curies":[{"name":"wp","href":"https:\/\/api.w.org\/{rel}","templated":true}]}}