{"id":13404,"date":"2022-09-19T07:48:14","date_gmt":"2022-09-19T07:48:14","guid":{"rendered":"https:\/\/skin2go.r-s.space\/product\/nomad-knife-slaughter\/"},"modified":"2023-04-26T18:32:42","modified_gmt":"2023-04-26T18:32:42","slug":"nomad-knife-slaughter","status":"publish","type":"product","link":"https:\/\/skintrade.org\/pt-pt\/produto\/nomad-knife-slaughter\/","title":{"rendered":"Slaughter"},"content":{"rendered":"<p>A l\u00e2mina da faca \u00e9 adornada com um padr\u00e3o abstracto feito com tintas de alum\u00ednio e cromadas e revestida com tinta transl\u00facida vermelha. O cabo permanece sem pintura.<\/p>\n","protected":false},"excerpt":{"rendered":"<p>A l\u00e2mina da faca \u00e9 adornada com um padr\u00e3o abstracto feito com tintas de alum\u00ednio e cromadas e revestida com tinta transl\u00facida vermelha. O cabo permanece sem pintura.<\/p>\n","protected":false},"featured_media":12616,"template":"","meta":[],"product_brand":[],"product_cat":[313,301],"product_tag":[],"class_list":{"0":"post-13404","1":"product","2":"type-product","3":"status-publish","4":"has-post-thumbnail","6":"product_cat-faca-nomad","7":"product_cat-facas","8":"pa_rarity-secreto","9":"pa_start-four-stars-pt-pt","10":"pa_subcategories-faca-nomad","12":"first","13":"instock","14":"shipping-taxable","15":"purchasable","16":"product-type-simple"},"_links":{"self":[{"href":"https:\/\/skintrade.org\/pt-pt\/wp-json\/wp\/v2\/product\/13404","targetHints":{"allow":["GET"]}}],"collection":[{"href":"https:\/\/skintrade.org\/pt-pt\/wp-json\/wp\/v2\/product"}],"about":[{"href":"https:\/\/skintrade.org\/pt-pt\/wp-json\/wp\/v2\/types\/product"}],"wp:featuredmedia":[{"embeddable":true,"href":"https:\/\/skintrade.org\/pt-pt\/wp-json\/wp\/v2\/media\/12616"}],"wp:attachment":[{"href":"https:\/\/skintrade.org\/pt-pt\/wp-json\/wp\/v2\/media?parent=13404"}],"wp:term":[{"taxonomy":"product_brand","embeddable":true,"href":"https:\/\/skintrade.org\/pt-pt\/wp-json\/wp\/v2\/product_brand?post=13404"},{"taxonomy":"product_cat","embeddable":true,"href":"https:\/\/skintrade.org\/pt-pt\/wp-json\/wp\/v2\/product_cat?post=13404"},{"taxonomy":"product_tag","embeddable":true,"href":"https:\/\/skintrade.org\/pt-pt\/wp-json\/wp\/v2\/product_tag?post=13404"}],"curies":[{"name":"wp","href":"https:\/\/api.w.org\/{rel}","templated":true}]}}