{"id":13403,"date":"2022-09-19T07:50:45","date_gmt":"2022-09-19T07:50:45","guid":{"rendered":"https:\/\/skin2go.r-s.space\/product\/nomad-knife-vanilla\/"},"modified":"2023-04-26T18:32:57","modified_gmt":"2023-04-26T18:32:57","slug":"nomad-knife-vanilla","status":"publish","type":"product","link":"https:\/\/skintrade.org\/pt-pt\/produto\/nomad-knife-vanilla\/","title":{"rendered":"Vanilla"},"content":{"rendered":"<p>Nomad Knife | Vanilla n\u00e3o tem padr\u00e3o. A l\u00e2mina e o cabo n\u00e3o s\u00e3o pintados.<\/p>\n","protected":false},"excerpt":{"rendered":"<p>Nomad Knife | Vanilla n\u00e3o tem padr\u00e3o. A l\u00e2mina e o cabo n\u00e3o s\u00e3o pintados.<\/p>\n","protected":false},"featured_media":12619,"template":"","meta":[],"product_brand":[],"product_cat":[313,301],"product_tag":[],"class_list":{"0":"post-13403","1":"product","2":"type-product","3":"status-publish","4":"has-post-thumbnail","6":"product_cat-faca-nomad","7":"product_cat-facas","8":"pa_rarity-secreto","9":"pa_start-three-stars-pt-pt","10":"pa_subcategories-faca-nomad","12":"first","13":"instock","14":"shipping-taxable","15":"purchasable","16":"product-type-simple"},"_links":{"self":[{"href":"https:\/\/skintrade.org\/pt-pt\/wp-json\/wp\/v2\/product\/13403","targetHints":{"allow":["GET"]}}],"collection":[{"href":"https:\/\/skintrade.org\/pt-pt\/wp-json\/wp\/v2\/product"}],"about":[{"href":"https:\/\/skintrade.org\/pt-pt\/wp-json\/wp\/v2\/types\/product"}],"wp:featuredmedia":[{"embeddable":true,"href":"https:\/\/skintrade.org\/pt-pt\/wp-json\/wp\/v2\/media\/12619"}],"wp:attachment":[{"href":"https:\/\/skintrade.org\/pt-pt\/wp-json\/wp\/v2\/media?parent=13403"}],"wp:term":[{"taxonomy":"product_brand","embeddable":true,"href":"https:\/\/skintrade.org\/pt-pt\/wp-json\/wp\/v2\/product_brand?post=13403"},{"taxonomy":"product_cat","embeddable":true,"href":"https:\/\/skintrade.org\/pt-pt\/wp-json\/wp\/v2\/product_cat?post=13403"},{"taxonomy":"product_tag","embeddable":true,"href":"https:\/\/skintrade.org\/pt-pt\/wp-json\/wp\/v2\/product_tag?post=13403"}],"curies":[{"name":"wp","href":"https:\/\/api.w.org\/{rel}","templated":true}]}}