{"id":13402,"date":"2022-09-19T07:46:15","date_gmt":"2022-09-19T07:46:15","guid":{"rendered":"https:\/\/skin2go.r-s.space\/product\/nomad-knife-crimson-web\/"},"modified":"2023-04-26T18:31:53","modified_gmt":"2023-04-26T18:31:53","slug":"nomad-knife-crimson-web","status":"publish","type":"product","link":"https:\/\/skintrade.org\/pt-pt\/produto\/nomad-knife-crimson-web\/","title":{"rendered":"Crimson Web"},"content":{"rendered":"<p>A l\u00e2mina da faca \u00e9 pintada de vermelho s\u00f3lido e adornada com um padr\u00e3o de teia preto. O cabo \u00e9 pintado de preto.<\/p>\n","protected":false},"excerpt":{"rendered":"<p>A l\u00e2mina da faca \u00e9 pintada de vermelho s\u00f3lido e adornada com um padr\u00e3o de teia preto. O cabo \u00e9 pintado de preto.<\/p>\n","protected":false},"featured_media":12613,"template":"","meta":[],"product_brand":[],"product_cat":[313,301],"product_tag":[],"class_list":{"0":"post-13402","1":"product","2":"type-product","3":"status-publish","4":"has-post-thumbnail","6":"product_cat-faca-nomad","7":"product_cat-facas","8":"pa_rarity-secreto","9":"pa_start-four-stars-pt-pt","10":"pa_subcategories-faca-nomad","12":"first","13":"instock","14":"shipping-taxable","15":"purchasable","16":"product-type-simple"},"_links":{"self":[{"href":"https:\/\/skintrade.org\/pt-pt\/wp-json\/wp\/v2\/product\/13402","targetHints":{"allow":["GET"]}}],"collection":[{"href":"https:\/\/skintrade.org\/pt-pt\/wp-json\/wp\/v2\/product"}],"about":[{"href":"https:\/\/skintrade.org\/pt-pt\/wp-json\/wp\/v2\/types\/product"}],"wp:featuredmedia":[{"embeddable":true,"href":"https:\/\/skintrade.org\/pt-pt\/wp-json\/wp\/v2\/media\/12613"}],"wp:attachment":[{"href":"https:\/\/skintrade.org\/pt-pt\/wp-json\/wp\/v2\/media?parent=13402"}],"wp:term":[{"taxonomy":"product_brand","embeddable":true,"href":"https:\/\/skintrade.org\/pt-pt\/wp-json\/wp\/v2\/product_brand?post=13402"},{"taxonomy":"product_cat","embeddable":true,"href":"https:\/\/skintrade.org\/pt-pt\/wp-json\/wp\/v2\/product_cat?post=13402"},{"taxonomy":"product_tag","embeddable":true,"href":"https:\/\/skintrade.org\/pt-pt\/wp-json\/wp\/v2\/product_tag?post=13402"}],"curies":[{"name":"wp","href":"https:\/\/api.w.org\/{rel}","templated":true}]}}