{"id":13399,"date":"2022-09-19T07:57:10","date_gmt":"2022-09-19T07:57:10","guid":{"rendered":"https:\/\/skin2go.r-s.space\/product\/paracord-knife-crimson-web\/"},"modified":"2023-04-26T18:27:18","modified_gmt":"2023-04-26T18:27:18","slug":"paracord-knife-crimson-web","status":"publish","type":"product","link":"https:\/\/skintrade.org\/pt-pt\/produto\/paracord-knife-crimson-web\/","title":{"rendered":"Crimson Web"},"content":{"rendered":"<p>A l\u00e2mina da faca \u00e9 pintada de vermelho s\u00f3lido e adornada com um padr\u00e3o de teia preto. O cabo \u00e9 pintado de preto.<\/p>\n","protected":false},"excerpt":{"rendered":"<p>A l\u00e2mina da faca \u00e9 pintada de vermelho s\u00f3lido e adornada com um padr\u00e3o de teia preto. O cabo \u00e9 pintado de preto.<\/p>\n","protected":false},"featured_media":12628,"template":"","meta":[],"product_brand":[],"product_cat":[314,301],"product_tag":[],"class_list":{"0":"post-13399","1":"product","2":"type-product","3":"status-publish","4":"has-post-thumbnail","6":"product_cat-faca-paracord","7":"product_cat-facas","8":"pa_rarity-secreto","9":"pa_subcategories-faca-paracord","11":"first","12":"instock","13":"shipping-taxable","14":"purchasable","15":"product-type-simple"},"_links":{"self":[{"href":"https:\/\/skintrade.org\/pt-pt\/wp-json\/wp\/v2\/product\/13399","targetHints":{"allow":["GET"]}}],"collection":[{"href":"https:\/\/skintrade.org\/pt-pt\/wp-json\/wp\/v2\/product"}],"about":[{"href":"https:\/\/skintrade.org\/pt-pt\/wp-json\/wp\/v2\/types\/product"}],"wp:featuredmedia":[{"embeddable":true,"href":"https:\/\/skintrade.org\/pt-pt\/wp-json\/wp\/v2\/media\/12628"}],"wp:attachment":[{"href":"https:\/\/skintrade.org\/pt-pt\/wp-json\/wp\/v2\/media?parent=13399"}],"wp:term":[{"taxonomy":"product_brand","embeddable":true,"href":"https:\/\/skintrade.org\/pt-pt\/wp-json\/wp\/v2\/product_brand?post=13399"},{"taxonomy":"product_cat","embeddable":true,"href":"https:\/\/skintrade.org\/pt-pt\/wp-json\/wp\/v2\/product_cat?post=13399"},{"taxonomy":"product_tag","embeddable":true,"href":"https:\/\/skintrade.org\/pt-pt\/wp-json\/wp\/v2\/product_tag?post=13399"}],"curies":[{"name":"wp","href":"https:\/\/api.w.org\/{rel}","templated":true}]}}