{"id":13398,"date":"2022-09-19T07:55:21","date_gmt":"2022-09-19T07:55:21","guid":{"rendered":"https:\/\/skin2go.r-s.space\/product\/paracord-knife-urban-masked\/"},"modified":"2023-04-26T18:26:29","modified_gmt":"2023-04-26T18:26:29","slug":"paracord-knife-urban-masked","status":"publish","type":"product","link":"https:\/\/skintrade.org\/pt-pt\/produto\/paracord-knife-urban-masked\/","title":{"rendered":"Urban Masked"},"content":{"rendered":"<p>Todo o corpo da faca, incluindo o cabo, \u00e9 pintado com spray em v\u00e1rios tons de cinzento. O padr\u00e3o \u00e9 aplicado atrav\u00e9s de um emaranhado de fita adesiva utilizada como est\u00eancil.<\/p>\n","protected":false},"excerpt":{"rendered":"<p>Todo o corpo da faca, incluindo o cabo, \u00e9 pintado com spray em v\u00e1rios tons de cinzento. O padr\u00e3o \u00e9 aplicado atrav\u00e9s de um emaranhado de fita adesiva utilizada como est\u00eancil.<\/p>\n","protected":false},"featured_media":12625,"template":"","meta":[],"product_brand":[],"product_cat":[314,301],"product_tag":[],"class_list":{"0":"post-13398","1":"product","2":"type-product","3":"status-publish","4":"has-post-thumbnail","6":"product_cat-faca-paracord","7":"product_cat-facas","8":"pa_rarity-secreto","9":"pa_start-four-stars-pt-pt","10":"pa_subcategories-faca-paracord","12":"first","13":"instock","14":"shipping-taxable","15":"purchasable","16":"product-type-simple"},"_links":{"self":[{"href":"https:\/\/skintrade.org\/pt-pt\/wp-json\/wp\/v2\/product\/13398","targetHints":{"allow":["GET"]}}],"collection":[{"href":"https:\/\/skintrade.org\/pt-pt\/wp-json\/wp\/v2\/product"}],"about":[{"href":"https:\/\/skintrade.org\/pt-pt\/wp-json\/wp\/v2\/types\/product"}],"wp:featuredmedia":[{"embeddable":true,"href":"https:\/\/skintrade.org\/pt-pt\/wp-json\/wp\/v2\/media\/12625"}],"wp:attachment":[{"href":"https:\/\/skintrade.org\/pt-pt\/wp-json\/wp\/v2\/media?parent=13398"}],"wp:term":[{"taxonomy":"product_brand","embeddable":true,"href":"https:\/\/skintrade.org\/pt-pt\/wp-json\/wp\/v2\/product_brand?post=13398"},{"taxonomy":"product_cat","embeddable":true,"href":"https:\/\/skintrade.org\/pt-pt\/wp-json\/wp\/v2\/product_cat?post=13398"},{"taxonomy":"product_tag","embeddable":true,"href":"https:\/\/skintrade.org\/pt-pt\/wp-json\/wp\/v2\/product_tag?post=13398"}],"curies":[{"name":"wp","href":"https:\/\/api.w.org\/{rel}","templated":true}]}}