{"id":13394,"date":"2022-09-19T08:01:12","date_gmt":"2022-09-19T08:01:12","guid":{"rendered":"https:\/\/skin2go.r-s.space\/product\/paracord-knife-boreal-forest\/"},"modified":"2023-04-26T18:01:54","modified_gmt":"2023-04-26T18:01:54","slug":"paracord-knife-boreal-forest","status":"publish","type":"product","link":"https:\/\/skintrade.org\/pt-pt\/produto\/paracord-knife-boreal-forest\/","title":{"rendered":"Boreal Forest"},"content":{"rendered":"<p>A l\u00e2mina da faca \u00e9 adornada com um padr\u00e3o cl\u00e1ssico de camuflagem florestal em verde, castanho e caqui. O cabo \u00e9 pintado em caqui.<\/p>\n","protected":false},"excerpt":{"rendered":"<p>A l\u00e2mina da faca \u00e9 adornada com um padr\u00e3o cl\u00e1ssico de camuflagem florestal em verde, castanho e caqui. O cabo \u00e9 pintado em caqui.<\/p>\n","protected":false},"featured_media":12634,"template":"","meta":[],"product_brand":[],"product_cat":[314,301],"product_tag":[],"class_list":{"0":"post-13394","1":"product","2":"type-product","3":"status-publish","4":"has-post-thumbnail","6":"product_cat-faca-paracord","7":"product_cat-facas","8":"pa_rarity-secreto","9":"pa_start-four-stars-pt-pt","10":"pa_subcategories-faca-paracord","12":"first","13":"instock","14":"shipping-taxable","15":"purchasable","16":"product-type-simple"},"_links":{"self":[{"href":"https:\/\/skintrade.org\/pt-pt\/wp-json\/wp\/v2\/product\/13394","targetHints":{"allow":["GET"]}}],"collection":[{"href":"https:\/\/skintrade.org\/pt-pt\/wp-json\/wp\/v2\/product"}],"about":[{"href":"https:\/\/skintrade.org\/pt-pt\/wp-json\/wp\/v2\/types\/product"}],"wp:featuredmedia":[{"embeddable":true,"href":"https:\/\/skintrade.org\/pt-pt\/wp-json\/wp\/v2\/media\/12634"}],"wp:attachment":[{"href":"https:\/\/skintrade.org\/pt-pt\/wp-json\/wp\/v2\/media?parent=13394"}],"wp:term":[{"taxonomy":"product_brand","embeddable":true,"href":"https:\/\/skintrade.org\/pt-pt\/wp-json\/wp\/v2\/product_brand?post=13394"},{"taxonomy":"product_cat","embeddable":true,"href":"https:\/\/skintrade.org\/pt-pt\/wp-json\/wp\/v2\/product_cat?post=13394"},{"taxonomy":"product_tag","embeddable":true,"href":"https:\/\/skintrade.org\/pt-pt\/wp-json\/wp\/v2\/product_tag?post=13394"}],"curies":[{"name":"wp","href":"https:\/\/api.w.org\/{rel}","templated":true}]}}