{"id":13392,"date":"2022-09-19T08:09:48","date_gmt":"2022-09-19T08:09:48","guid":{"rendered":"https:\/\/skin2go.r-s.space\/product\/shadow-daggers-lore\/"},"modified":"2023-04-26T17:53:45","modified_gmt":"2023-04-26T17:53:45","slug":"shadow-daggers-lore","status":"publish","type":"product","link":"https:\/\/skintrade.org\/pt-pt\/produto\/shadow-daggers-lore\/","title":{"rendered":"Lore"},"content":{"rendered":"<p>O corpo das facas \u00e9 revestido de tinta dourada e apresenta um padr\u00e3o medieval transl\u00facido. Os bordos de corte foram pintados com um ornamento celta castanho-bege.<\/p>\n","protected":false},"excerpt":{"rendered":"<p>O corpo das facas \u00e9 revestido de tinta dourada e apresenta um padr\u00e3o medieval transl\u00facido. Os bordos de corte foram pintados com um ornamento celta castanho-bege.<\/p>\n","protected":false},"featured_media":12646,"template":"","meta":[],"product_brand":[],"product_cat":[301,315],"product_tag":[],"class_list":{"0":"post-13392","1":"product","2":"type-product","3":"status-publish","4":"has-post-thumbnail","6":"product_cat-facas","7":"product_cat-shadow-daggers-pt-pt","8":"pa_rarity-secreto","9":"pa_start-four-stars-pt-pt","10":"pa_subcategories-shadow-daggers-pt-pt","12":"first","13":"instock","14":"shipping-taxable","15":"purchasable","16":"product-type-simple"},"_links":{"self":[{"href":"https:\/\/skintrade.org\/pt-pt\/wp-json\/wp\/v2\/product\/13392","targetHints":{"allow":["GET"]}}],"collection":[{"href":"https:\/\/skintrade.org\/pt-pt\/wp-json\/wp\/v2\/product"}],"about":[{"href":"https:\/\/skintrade.org\/pt-pt\/wp-json\/wp\/v2\/types\/product"}],"wp:featuredmedia":[{"embeddable":true,"href":"https:\/\/skintrade.org\/pt-pt\/wp-json\/wp\/v2\/media\/12646"}],"wp:attachment":[{"href":"https:\/\/skintrade.org\/pt-pt\/wp-json\/wp\/v2\/media?parent=13392"}],"wp:term":[{"taxonomy":"product_brand","embeddable":true,"href":"https:\/\/skintrade.org\/pt-pt\/wp-json\/wp\/v2\/product_brand?post=13392"},{"taxonomy":"product_cat","embeddable":true,"href":"https:\/\/skintrade.org\/pt-pt\/wp-json\/wp\/v2\/product_cat?post=13392"},{"taxonomy":"product_tag","embeddable":true,"href":"https:\/\/skintrade.org\/pt-pt\/wp-json\/wp\/v2\/product_tag?post=13392"}],"curies":[{"name":"wp","href":"https:\/\/api.w.org\/{rel}","templated":true}]}}