{"id":13391,"date":"2022-09-19T08:07:40","date_gmt":"2022-09-19T08:07:40","guid":{"rendered":"https:\/\/skin2go.r-s.space\/product\/shadow-daggers-ultraviolet\/"},"modified":"2023-04-26T17:55:58","modified_gmt":"2023-04-26T17:55:58","slug":"shadow-daggers-ultraviolet","status":"publish","type":"product","link":"https:\/\/skintrade.org\/pt-pt\/produto\/shadow-daggers-ultraviolet\/","title":{"rendered":"Ultraviolet"},"content":{"rendered":"<p>A skin assemelha-se a uma vers\u00e3o mais brilhante das Adagas das Sombras | Noite. As l\u00e2minas das facas s\u00e3o pintadas de preto mate. Os cabos s\u00e3o pintados de roxo.<\/p>\n","protected":false},"excerpt":{"rendered":"<p>A skin assemelha-se a uma vers\u00e3o mais brilhante das Adagas das Sombras | Noite. As l\u00e2minas das facas s\u00e3o pintadas de preto mate. Os cabos s\u00e3o pintados de roxo.<\/p>\n","protected":false},"featured_media":12643,"template":"","meta":[],"product_brand":[],"product_cat":[301,315],"product_tag":[],"class_list":{"0":"post-13391","1":"product","2":"type-product","3":"status-publish","4":"has-post-thumbnail","6":"product_cat-facas","7":"product_cat-shadow-daggers-pt-pt","8":"pa_rarity-secreto","9":"pa_start-five-stars-pt-pt","10":"pa_subcategories-shadow-daggers-pt-pt","12":"first","13":"instock","14":"shipping-taxable","15":"purchasable","16":"product-type-simple"},"_links":{"self":[{"href":"https:\/\/skintrade.org\/pt-pt\/wp-json\/wp\/v2\/product\/13391","targetHints":{"allow":["GET"]}}],"collection":[{"href":"https:\/\/skintrade.org\/pt-pt\/wp-json\/wp\/v2\/product"}],"about":[{"href":"https:\/\/skintrade.org\/pt-pt\/wp-json\/wp\/v2\/types\/product"}],"wp:featuredmedia":[{"embeddable":true,"href":"https:\/\/skintrade.org\/pt-pt\/wp-json\/wp\/v2\/media\/12643"}],"wp:attachment":[{"href":"https:\/\/skintrade.org\/pt-pt\/wp-json\/wp\/v2\/media?parent=13391"}],"wp:term":[{"taxonomy":"product_brand","embeddable":true,"href":"https:\/\/skintrade.org\/pt-pt\/wp-json\/wp\/v2\/product_brand?post=13391"},{"taxonomy":"product_cat","embeddable":true,"href":"https:\/\/skintrade.org\/pt-pt\/wp-json\/wp\/v2\/product_cat?post=13391"},{"taxonomy":"product_tag","embeddable":true,"href":"https:\/\/skintrade.org\/pt-pt\/wp-json\/wp\/v2\/product_tag?post=13391"}],"curies":[{"name":"wp","href":"https:\/\/api.w.org\/{rel}","templated":true}]}}