{"id":13390,"date":"2022-09-19T08:05:37","date_gmt":"2022-09-19T08:05:37","guid":{"rendered":"https:\/\/skin2go.r-s.space\/product\/shadow-daggers-freehand\/"},"modified":"2023-04-26T17:54:22","modified_gmt":"2023-04-26T17:54:22","slug":"shadow-daggers-freehand","status":"publish","type":"product","link":"https:\/\/skintrade.org\/pt-pt\/produto\/shadow-daggers-freehand\/","title":{"rendered":"Freehand"},"content":{"rendered":"<p>O design \u00e9 feito num estilo de arte urbana. As l\u00e2minas roxas escuras apresentam imagens brancas desenhadas \u00e0 m\u00e3o de pequenos seres humanos, setas, rel\u00e2mpagos, linhas onduladas, etc. Os punhos foram pintados de roxo.<\/p>\n","protected":false},"excerpt":{"rendered":"<p>O design \u00e9 feito num estilo de arte urbana. As l\u00e2minas roxas escuras apresentam imagens brancas desenhadas \u00e0 m\u00e3o de pequenos seres humanos, setas, rel\u00e2mpagos, linhas onduladas, etc. Os punhos foram pintados de roxo.<\/p>\n","protected":false},"featured_media":12640,"template":"","meta":[],"product_brand":[],"product_cat":[301,315],"product_tag":[],"class_list":{"0":"post-13390","1":"product","2":"type-product","3":"status-publish","4":"has-post-thumbnail","6":"product_cat-facas","7":"product_cat-shadow-daggers-pt-pt","8":"pa_rarity-secreto","9":"pa_start-two-stars-pt-pt","10":"pa_subcategories-shadow-daggers-pt-pt","12":"first","13":"instock","14":"shipping-taxable","15":"purchasable","16":"product-type-simple"},"_links":{"self":[{"href":"https:\/\/skintrade.org\/pt-pt\/wp-json\/wp\/v2\/product\/13390","targetHints":{"allow":["GET"]}}],"collection":[{"href":"https:\/\/skintrade.org\/pt-pt\/wp-json\/wp\/v2\/product"}],"about":[{"href":"https:\/\/skintrade.org\/pt-pt\/wp-json\/wp\/v2\/types\/product"}],"wp:featuredmedia":[{"embeddable":true,"href":"https:\/\/skintrade.org\/pt-pt\/wp-json\/wp\/v2\/media\/12640"}],"wp:attachment":[{"href":"https:\/\/skintrade.org\/pt-pt\/wp-json\/wp\/v2\/media?parent=13390"}],"wp:term":[{"taxonomy":"product_brand","embeddable":true,"href":"https:\/\/skintrade.org\/pt-pt\/wp-json\/wp\/v2\/product_brand?post=13390"},{"taxonomy":"product_cat","embeddable":true,"href":"https:\/\/skintrade.org\/pt-pt\/wp-json\/wp\/v2\/product_cat?post=13390"},{"taxonomy":"product_tag","embeddable":true,"href":"https:\/\/skintrade.org\/pt-pt\/wp-json\/wp\/v2\/product_tag?post=13390"}],"curies":[{"name":"wp","href":"https:\/\/api.w.org\/{rel}","templated":true}]}}