{"id":13388,"date":"2022-09-19T08:13:34","date_gmt":"2022-09-19T08:13:34","guid":{"rendered":"https:\/\/skin2go.r-s.space\/product\/shadow-daggers-damascus-steel\/"},"modified":"2023-04-26T17:49:09","modified_gmt":"2023-04-26T17:49:09","slug":"shadow-daggers-damascus-steel","status":"publish","type":"product","link":"https:\/\/skintrade.org\/pt-pt\/produto\/shadow-daggers-damascus-steel\/","title":{"rendered":"Damascus Steel"},"content":{"rendered":"<p>Os corpos inteiros das facas s\u00e3o feitos de dois tipos diferentes de a\u00e7o, o que cria um padr\u00e3o de linhas onduladas cinzentas escuras e cinzentas claras.<\/p>\n","protected":false},"excerpt":{"rendered":"<p>Os corpos inteiros das facas s\u00e3o feitos de dois tipos diferentes de a\u00e7o, o que cria um padr\u00e3o de linhas onduladas cinzentas escuras e cinzentas claras.<\/p>\n","protected":false},"featured_media":12652,"template":"","meta":[],"product_brand":[],"product_cat":[301,315],"product_tag":[],"class_list":{"0":"post-13388","1":"product","2":"type-product","3":"status-publish","4":"has-post-thumbnail","6":"product_cat-facas","7":"product_cat-shadow-daggers-pt-pt","8":"pa_rarity-secreto","9":"pa_start-three-stars-pt-pt","10":"pa_subcategories-shadow-daggers-pt-pt","12":"first","13":"instock","14":"shipping-taxable","15":"purchasable","16":"product-type-simple"},"_links":{"self":[{"href":"https:\/\/skintrade.org\/pt-pt\/wp-json\/wp\/v2\/product\/13388","targetHints":{"allow":["GET"]}}],"collection":[{"href":"https:\/\/skintrade.org\/pt-pt\/wp-json\/wp\/v2\/product"}],"about":[{"href":"https:\/\/skintrade.org\/pt-pt\/wp-json\/wp\/v2\/types\/product"}],"wp:featuredmedia":[{"embeddable":true,"href":"https:\/\/skintrade.org\/pt-pt\/wp-json\/wp\/v2\/media\/12652"}],"wp:attachment":[{"href":"https:\/\/skintrade.org\/pt-pt\/wp-json\/wp\/v2\/media?parent=13388"}],"wp:term":[{"taxonomy":"product_brand","embeddable":true,"href":"https:\/\/skintrade.org\/pt-pt\/wp-json\/wp\/v2\/product_brand?post=13388"},{"taxonomy":"product_cat","embeddable":true,"href":"https:\/\/skintrade.org\/pt-pt\/wp-json\/wp\/v2\/product_cat?post=13388"},{"taxonomy":"product_tag","embeddable":true,"href":"https:\/\/skintrade.org\/pt-pt\/wp-json\/wp\/v2\/product_tag?post=13388"}],"curies":[{"name":"wp","href":"https:\/\/api.w.org\/{rel}","templated":true}]}}