{"id":13387,"date":"2022-09-19T08:19:01","date_gmt":"2022-09-19T08:19:01","guid":{"rendered":"https:\/\/skin2go.r-s.space\/product\/skeleton-knife-safari-mesh\/"},"modified":"2023-04-26T17:47:43","modified_gmt":"2023-04-26T17:47:43","slug":"skeleton-knife-safari-mesh","status":"publish","type":"product","link":"https:\/\/skintrade.org\/pt-pt\/produto\/skeleton-knife-safari-mesh\/","title":{"rendered":"Safari Mesh"},"content":{"rendered":"<p>Todo o corpo da faca \u00e9 pintado com spray em bege e caqui, utilizando uma rede de veda\u00e7\u00e3o como est\u00eancil.<\/p>\n","protected":false},"excerpt":{"rendered":"<p>Todo o corpo da faca \u00e9 pintado com spray em bege e caqui, utilizando uma rede de veda\u00e7\u00e3o como est\u00eancil.<\/p>\n","protected":false},"featured_media":12658,"template":"","meta":[],"product_brand":[],"product_cat":[316,301],"product_tag":[],"class_list":{"0":"post-13387","1":"product","2":"type-product","3":"status-publish","4":"has-post-thumbnail","6":"product_cat-faca-skeleton","7":"product_cat-facas","8":"pa_rarity-secreto","9":"pa_start-three-stars-pt-pt","10":"pa_subcategories-faca-skeleton","12":"first","13":"instock","14":"shipping-taxable","15":"purchasable","16":"product-type-simple"},"_links":{"self":[{"href":"https:\/\/skintrade.org\/pt-pt\/wp-json\/wp\/v2\/product\/13387","targetHints":{"allow":["GET"]}}],"collection":[{"href":"https:\/\/skintrade.org\/pt-pt\/wp-json\/wp\/v2\/product"}],"about":[{"href":"https:\/\/skintrade.org\/pt-pt\/wp-json\/wp\/v2\/types\/product"}],"wp:featuredmedia":[{"embeddable":true,"href":"https:\/\/skintrade.org\/pt-pt\/wp-json\/wp\/v2\/media\/12658"}],"wp:attachment":[{"href":"https:\/\/skintrade.org\/pt-pt\/wp-json\/wp\/v2\/media?parent=13387"}],"wp:term":[{"taxonomy":"product_brand","embeddable":true,"href":"https:\/\/skintrade.org\/pt-pt\/wp-json\/wp\/v2\/product_brand?post=13387"},{"taxonomy":"product_cat","embeddable":true,"href":"https:\/\/skintrade.org\/pt-pt\/wp-json\/wp\/v2\/product_cat?post=13387"},{"taxonomy":"product_tag","embeddable":true,"href":"https:\/\/skintrade.org\/pt-pt\/wp-json\/wp\/v2\/product_tag?post=13387"}],"curies":[{"name":"wp","href":"https:\/\/api.w.org\/{rel}","templated":true}]}}