{"id":13381,"date":"2022-09-19T08:33:08","date_gmt":"2022-09-19T08:33:08","guid":{"rendered":"https:\/\/skin2go.r-s.space\/product\/stiletto-knife-ultraviolet\/"},"modified":"2023-04-26T17:38:44","modified_gmt":"2023-04-26T17:38:44","slug":"stiletto-knife-ultraviolet","status":"publish","type":"product","link":"https:\/\/skintrade.org\/pt-pt\/produto\/stiletto-knife-ultraviolet\/","title":{"rendered":"Ultraviolet"},"content":{"rendered":"<p>A l\u00e2mina da faca e a protec\u00e7\u00e3o s\u00e3o pintadas de preto mate. O cabo \u00e9 pintado de roxo.<\/p>\n","protected":false},"excerpt":{"rendered":"<p>A l\u00e2mina da faca e a protec\u00e7\u00e3o s\u00e3o pintadas de preto mate. O cabo \u00e9 pintado de roxo.<\/p>\n","protected":false},"featured_media":12676,"template":"","meta":[],"product_brand":[],"product_cat":[317,301],"product_tag":[],"class_list":{"0":"post-13381","1":"product","2":"type-product","3":"status-publish","4":"has-post-thumbnail","6":"product_cat-faca-stiletto","7":"product_cat-facas","8":"pa_rarity-secreto","9":"pa_start-two-stars-pt-pt","10":"pa_subcategories-faca-stiletto","12":"first","13":"instock","14":"shipping-taxable","15":"purchasable","16":"product-type-simple"},"_links":{"self":[{"href":"https:\/\/skintrade.org\/pt-pt\/wp-json\/wp\/v2\/product\/13381","targetHints":{"allow":["GET"]}}],"collection":[{"href":"https:\/\/skintrade.org\/pt-pt\/wp-json\/wp\/v2\/product"}],"about":[{"href":"https:\/\/skintrade.org\/pt-pt\/wp-json\/wp\/v2\/types\/product"}],"wp:featuredmedia":[{"embeddable":true,"href":"https:\/\/skintrade.org\/pt-pt\/wp-json\/wp\/v2\/media\/12676"}],"wp:attachment":[{"href":"https:\/\/skintrade.org\/pt-pt\/wp-json\/wp\/v2\/media?parent=13381"}],"wp:term":[{"taxonomy":"product_brand","embeddable":true,"href":"https:\/\/skintrade.org\/pt-pt\/wp-json\/wp\/v2\/product_brand?post=13381"},{"taxonomy":"product_cat","embeddable":true,"href":"https:\/\/skintrade.org\/pt-pt\/wp-json\/wp\/v2\/product_cat?post=13381"},{"taxonomy":"product_tag","embeddable":true,"href":"https:\/\/skintrade.org\/pt-pt\/wp-json\/wp\/v2\/product_tag?post=13381"}],"curies":[{"name":"wp","href":"https:\/\/api.w.org\/{rel}","templated":true}]}}