{"id":13379,"date":"2022-09-19T08:31:05","date_gmt":"2022-09-19T08:31:05","guid":{"rendered":"https:\/\/skin2go.r-s.space\/product\/stiletto-knife-marble-fade\/"},"modified":"2023-04-26T17:37:05","modified_gmt":"2023-04-26T17:37:05","slug":"stiletto-knife-marble-fade","status":"publish","type":"product","link":"https:\/\/skintrade.org\/pt-pt\/produto\/stiletto-knife-marble-fade\/","title":{"rendered":"Marble Fade"},"content":{"rendered":"<p>A l\u00e2mina da faca e a guarda s\u00e3o pintadas com tintas met\u00e1licas e adornadas com um padr\u00e3o de linhas onduladas transl\u00facidas que se assemelham a fumo. O esquema de cores da skin inclui v\u00e1rios tons de amarelo, azul e vermelho, criando transi\u00e7\u00f5es de gradiente. O cabo n\u00e3o \u00e9 pintado.<\/p>\n","protected":false},"excerpt":{"rendered":"<p>A l\u00e2mina da faca e a guarda s\u00e3o pintadas com tintas met\u00e1licas e adornadas com um padr\u00e3o de linhas onduladas transl\u00facidas que se assemelham a fumo. O esquema de cores da skin inclui v\u00e1rios tons de amarelo, azul e vermelho, criando transi\u00e7\u00f5es de gradiente. O cabo n\u00e3o \u00e9 pintado.<\/p>\n","protected":false},"featured_media":12673,"template":"","meta":[],"product_brand":[],"product_cat":[317,301],"product_tag":[],"class_list":{"0":"post-13379","1":"product","2":"type-product","3":"status-publish","4":"has-post-thumbnail","6":"product_cat-faca-stiletto","7":"product_cat-facas","8":"pa_rarity-secreto","9":"pa_start-four-stars-pt-pt","10":"pa_subcategories-faca-stiletto","12":"first","13":"instock","14":"shipping-taxable","15":"purchasable","16":"product-type-simple"},"_links":{"self":[{"href":"https:\/\/skintrade.org\/pt-pt\/wp-json\/wp\/v2\/product\/13379","targetHints":{"allow":["GET"]}}],"collection":[{"href":"https:\/\/skintrade.org\/pt-pt\/wp-json\/wp\/v2\/product"}],"about":[{"href":"https:\/\/skintrade.org\/pt-pt\/wp-json\/wp\/v2\/types\/product"}],"wp:featuredmedia":[{"embeddable":true,"href":"https:\/\/skintrade.org\/pt-pt\/wp-json\/wp\/v2\/media\/12673"}],"wp:attachment":[{"href":"https:\/\/skintrade.org\/pt-pt\/wp-json\/wp\/v2\/media?parent=13379"}],"wp:term":[{"taxonomy":"product_brand","embeddable":true,"href":"https:\/\/skintrade.org\/pt-pt\/wp-json\/wp\/v2\/product_brand?post=13379"},{"taxonomy":"product_cat","embeddable":true,"href":"https:\/\/skintrade.org\/pt-pt\/wp-json\/wp\/v2\/product_cat?post=13379"},{"taxonomy":"product_tag","embeddable":true,"href":"https:\/\/skintrade.org\/pt-pt\/wp-json\/wp\/v2\/product_tag?post=13379"}],"curies":[{"name":"wp","href":"https:\/\/api.w.org\/{rel}","templated":true}]}}