{"id":13377,"date":"2022-09-19T08:50:47","date_gmt":"2022-09-19T08:50:47","guid":{"rendered":"https:\/\/skin2go.r-s.space\/product\/survival-knife-blue-steel\/"},"modified":"2023-04-26T17:31:17","modified_gmt":"2023-04-26T17:31:17","slug":"survival-knife-blue-steel","status":"publish","type":"product","link":"https:\/\/skintrade.org\/pt-pt\/produto\/survival-knife-blue-steel\/","title":{"rendered":"Blue Steel"},"content":{"rendered":"<p>A l\u00e2mina da faca foi azulada a frio, o que conferiu \u00e0 superf\u00edcie do a\u00e7o zonas roxas, azuis e verdes claras. A l\u00e2mina tamb\u00e9m apresenta vest\u00edgios de p\u00e1tina. O cabo permanece sem pintura.<\/p>\n","protected":false},"excerpt":{"rendered":"<p>A l\u00e2mina da faca foi azulada a frio, o que conferiu \u00e0 superf\u00edcie do a\u00e7o zonas roxas, azuis e verdes claras. A l\u00e2mina tamb\u00e9m apresenta vest\u00edgios de p\u00e1tina. O cabo permanece sem pintura.<\/p>\n","protected":false},"featured_media":12688,"template":"","meta":[],"product_brand":[],"product_cat":[318,301],"product_tag":[],"class_list":{"0":"post-13377","1":"product","2":"type-product","3":"status-publish","4":"has-post-thumbnail","6":"product_cat-faca-de-sobrevivencia","7":"product_cat-facas","8":"pa_rarity-secreto","9":"pa_start-five-stars-pt-pt","10":"pa_subcategories-faca-de-sobrevivencia","12":"first","13":"instock","14":"shipping-taxable","15":"purchasable","16":"product-type-simple"},"_links":{"self":[{"href":"https:\/\/skintrade.org\/pt-pt\/wp-json\/wp\/v2\/product\/13377","targetHints":{"allow":["GET"]}}],"collection":[{"href":"https:\/\/skintrade.org\/pt-pt\/wp-json\/wp\/v2\/product"}],"about":[{"href":"https:\/\/skintrade.org\/pt-pt\/wp-json\/wp\/v2\/types\/product"}],"wp:featuredmedia":[{"embeddable":true,"href":"https:\/\/skintrade.org\/pt-pt\/wp-json\/wp\/v2\/media\/12688"}],"wp:attachment":[{"href":"https:\/\/skintrade.org\/pt-pt\/wp-json\/wp\/v2\/media?parent=13377"}],"wp:term":[{"taxonomy":"product_brand","embeddable":true,"href":"https:\/\/skintrade.org\/pt-pt\/wp-json\/wp\/v2\/product_brand?post=13377"},{"taxonomy":"product_cat","embeddable":true,"href":"https:\/\/skintrade.org\/pt-pt\/wp-json\/wp\/v2\/product_cat?post=13377"},{"taxonomy":"product_tag","embeddable":true,"href":"https:\/\/skintrade.org\/pt-pt\/wp-json\/wp\/v2\/product_tag?post=13377"}],"curies":[{"name":"wp","href":"https:\/\/api.w.org\/{rel}","templated":true}]}}