{"id":13371,"date":"2022-09-19T08:55:00","date_gmt":"2022-09-19T08:55:00","guid":{"rendered":"https:\/\/skin2go.r-s.space\/product\/survival-knife-stained\/"},"modified":"2023-04-26T17:23:38","modified_gmt":"2023-04-26T17:23:38","slug":"survival-knife-stained","status":"publish","type":"product","link":"https:\/\/skintrade.org\/pt-pt\/produto\/survival-knife-stained\/","title":{"rendered":"Stained"},"content":{"rendered":"<p>A l\u00e2mina da faca \u00e9 tratada com \u00e1cido para obter manchas cinzentas e amarelas claras de p\u00e1tina. O cabo permanece sem pintura.<\/p>\n","protected":false},"excerpt":{"rendered":"<p>A l\u00e2mina da faca \u00e9 tratada com \u00e1cido para obter manchas cinzentas e amarelas claras de p\u00e1tina. O cabo permanece sem pintura.<\/p>\n","protected":false},"featured_media":12694,"template":"","meta":[],"product_brand":[],"product_cat":[318,301],"product_tag":[],"class_list":{"0":"post-13371","1":"product","2":"type-product","3":"status-publish","4":"has-post-thumbnail","6":"product_cat-faca-de-sobrevivencia","7":"product_cat-facas","8":"pa_rarity-secreto","9":"pa_subcategories-faca-de-sobrevivencia","11":"first","12":"instock","13":"shipping-taxable","14":"purchasable","15":"product-type-simple"},"_links":{"self":[{"href":"https:\/\/skintrade.org\/pt-pt\/wp-json\/wp\/v2\/product\/13371","targetHints":{"allow":["GET"]}}],"collection":[{"href":"https:\/\/skintrade.org\/pt-pt\/wp-json\/wp\/v2\/product"}],"about":[{"href":"https:\/\/skintrade.org\/pt-pt\/wp-json\/wp\/v2\/types\/product"}],"wp:featuredmedia":[{"embeddable":true,"href":"https:\/\/skintrade.org\/pt-pt\/wp-json\/wp\/v2\/media\/12694"}],"wp:attachment":[{"href":"https:\/\/skintrade.org\/pt-pt\/wp-json\/wp\/v2\/media?parent=13371"}],"wp:term":[{"taxonomy":"product_brand","embeddable":true,"href":"https:\/\/skintrade.org\/pt-pt\/wp-json\/wp\/v2\/product_brand?post=13371"},{"taxonomy":"product_cat","embeddable":true,"href":"https:\/\/skintrade.org\/pt-pt\/wp-json\/wp\/v2\/product_cat?post=13371"},{"taxonomy":"product_tag","embeddable":true,"href":"https:\/\/skintrade.org\/pt-pt\/wp-json\/wp\/v2\/product_tag?post=13371"}],"curies":[{"name":"wp","href":"https:\/\/api.w.org\/{rel}","templated":true}]}}