{"id":13368,"date":"2022-09-19T08:59:16","date_gmt":"2022-09-19T08:59:16","guid":{"rendered":"https:\/\/skin2go.r-s.space\/product\/talon-knife-tiger-tooth\/"},"modified":"2023-04-26T17:18:33","modified_gmt":"2023-04-26T17:18:33","slug":"talon-knife-tiger-tooth","status":"publish","type":"product","link":"https:\/\/skintrade.org\/pt-pt\/produto\/talon-knife-tiger-tooth\/","title":{"rendered":"Tiger Tooth"},"content":{"rendered":"<p>A l\u00e2mina da faca \u00e9 revestida com tinta met\u00e1lica amarela e adornada com riscas castanhas que imitam a cor do tigre. O cabo n\u00e3o \u00e9 pintado.<\/p>\n","protected":false},"excerpt":{"rendered":"<p>A l\u00e2mina da faca \u00e9 revestida com tinta met\u00e1lica amarela e adornada com riscas castanhas que imitam a cor do tigre. O cabo n\u00e3o \u00e9 pintado.<\/p>\n","protected":false},"featured_media":12700,"template":"","meta":[],"product_brand":[],"product_cat":[319,301],"product_tag":[],"class_list":{"0":"post-13368","1":"product","2":"type-product","3":"status-publish","4":"has-post-thumbnail","6":"product_cat-faca-talon","7":"product_cat-facas","8":"pa_rarity-secreto","9":"pa_start-two-stars-pt-pt","10":"pa_subcategories-faca-talon","12":"first","13":"instock","14":"shipping-taxable","15":"purchasable","16":"product-type-simple"},"_links":{"self":[{"href":"https:\/\/skintrade.org\/pt-pt\/wp-json\/wp\/v2\/product\/13368","targetHints":{"allow":["GET"]}}],"collection":[{"href":"https:\/\/skintrade.org\/pt-pt\/wp-json\/wp\/v2\/product"}],"about":[{"href":"https:\/\/skintrade.org\/pt-pt\/wp-json\/wp\/v2\/types\/product"}],"wp:featuredmedia":[{"embeddable":true,"href":"https:\/\/skintrade.org\/pt-pt\/wp-json\/wp\/v2\/media\/12700"}],"wp:attachment":[{"href":"https:\/\/skintrade.org\/pt-pt\/wp-json\/wp\/v2\/media?parent=13368"}],"wp:term":[{"taxonomy":"product_brand","embeddable":true,"href":"https:\/\/skintrade.org\/pt-pt\/wp-json\/wp\/v2\/product_brand?post=13368"},{"taxonomy":"product_cat","embeddable":true,"href":"https:\/\/skintrade.org\/pt-pt\/wp-json\/wp\/v2\/product_cat?post=13368"},{"taxonomy":"product_tag","embeddable":true,"href":"https:\/\/skintrade.org\/pt-pt\/wp-json\/wp\/v2\/product_tag?post=13368"}],"curies":[{"name":"wp","href":"https:\/\/api.w.org\/{rel}","templated":true}]}}