{"id":13364,"date":"2022-09-19T09:06:30","date_gmt":"2022-09-19T09:06:30","guid":{"rendered":"https:\/\/skin2go.r-s.space\/product\/talon-knife-night-stripe\/"},"modified":"2023-04-26T17:15:02","modified_gmt":"2023-04-26T17:15:02","slug":"talon-knife-night-stripe","status":"publish","type":"product","link":"https:\/\/skintrade.org\/pt-pt\/produto\/talon-knife-night-stripe\/","title":{"rendered":"Night Stripe"},"content":{"rendered":"<p>Toda a carro\u00e7aria do Talon Knife | Night Stripe \u00e9 pintada com spray em v\u00e1rios tons de cinzento.<\/p>\n","protected":false},"excerpt":{"rendered":"<p>Toda a carro\u00e7aria do Talon Knife | Night Stripe \u00e9 pintada com spray em v\u00e1rios tons de cinzento.<\/p>\n","protected":false},"featured_media":12712,"template":"","meta":[],"product_brand":[],"product_cat":[319,301],"product_tag":[],"class_list":{"0":"post-13364","1":"product","2":"type-product","3":"status-publish","4":"has-post-thumbnail","6":"product_cat-faca-talon","7":"product_cat-facas","8":"pa_rarity-secreto","9":"pa_start-two-stars-pt-pt","10":"pa_subcategories-faca-talon","12":"first","13":"instock","14":"shipping-taxable","15":"purchasable","16":"product-type-simple"},"_links":{"self":[{"href":"https:\/\/skintrade.org\/pt-pt\/wp-json\/wp\/v2\/product\/13364","targetHints":{"allow":["GET"]}}],"collection":[{"href":"https:\/\/skintrade.org\/pt-pt\/wp-json\/wp\/v2\/product"}],"about":[{"href":"https:\/\/skintrade.org\/pt-pt\/wp-json\/wp\/v2\/types\/product"}],"wp:featuredmedia":[{"embeddable":true,"href":"https:\/\/skintrade.org\/pt-pt\/wp-json\/wp\/v2\/media\/12712"}],"wp:attachment":[{"href":"https:\/\/skintrade.org\/pt-pt\/wp-json\/wp\/v2\/media?parent=13364"}],"wp:term":[{"taxonomy":"product_brand","embeddable":true,"href":"https:\/\/skintrade.org\/pt-pt\/wp-json\/wp\/v2\/product_brand?post=13364"},{"taxonomy":"product_cat","embeddable":true,"href":"https:\/\/skintrade.org\/pt-pt\/wp-json\/wp\/v2\/product_cat?post=13364"},{"taxonomy":"product_tag","embeddable":true,"href":"https:\/\/skintrade.org\/pt-pt\/wp-json\/wp\/v2\/product_tag?post=13364"}],"curies":[{"name":"wp","href":"https:\/\/api.w.org\/{rel}","templated":true}]}}