{"id":13363,"date":"2022-09-19T09:08:59","date_gmt":"2022-09-19T09:08:59","guid":{"rendered":"https:\/\/skin2go.r-s.space\/product\/ursus-knife-ultraviolet\/"},"modified":"2023-04-26T17:14:47","modified_gmt":"2023-04-26T17:14:47","slug":"ursus-knife-ultraviolet","status":"publish","type":"product","link":"https:\/\/skintrade.org\/pt-pt\/produto\/ursus-knife-ultraviolet\/","title":{"rendered":"Ultraviolet"},"content":{"rendered":"<p>A l\u00e2mina da faca \u00e9 pintada de preto mate. O cabo \u00e9 pintado de roxo.<\/p>\n","protected":false},"excerpt":{"rendered":"<p>A l\u00e2mina da faca \u00e9 pintada de preto mate. O cabo \u00e9 pintado de roxo.<\/p>\n","protected":false},"featured_media":12715,"template":"","meta":[],"product_brand":[],"product_cat":[320,301],"product_tag":[],"class_list":{"0":"post-13363","1":"product","2":"type-product","3":"status-publish","4":"has-post-thumbnail","6":"product_cat-faca-ursus","7":"product_cat-facas","8":"pa_rarity-secreto","9":"pa_start-four-stars-pt-pt","10":"pa_subcategories-faca-ursus","12":"first","13":"instock","14":"shipping-taxable","15":"purchasable","16":"product-type-simple"},"_links":{"self":[{"href":"https:\/\/skintrade.org\/pt-pt\/wp-json\/wp\/v2\/product\/13363","targetHints":{"allow":["GET"]}}],"collection":[{"href":"https:\/\/skintrade.org\/pt-pt\/wp-json\/wp\/v2\/product"}],"about":[{"href":"https:\/\/skintrade.org\/pt-pt\/wp-json\/wp\/v2\/types\/product"}],"wp:featuredmedia":[{"embeddable":true,"href":"https:\/\/skintrade.org\/pt-pt\/wp-json\/wp\/v2\/media\/12715"}],"wp:attachment":[{"href":"https:\/\/skintrade.org\/pt-pt\/wp-json\/wp\/v2\/media?parent=13363"}],"wp:term":[{"taxonomy":"product_brand","embeddable":true,"href":"https:\/\/skintrade.org\/pt-pt\/wp-json\/wp\/v2\/product_brand?post=13363"},{"taxonomy":"product_cat","embeddable":true,"href":"https:\/\/skintrade.org\/pt-pt\/wp-json\/wp\/v2\/product_cat?post=13363"},{"taxonomy":"product_tag","embeddable":true,"href":"https:\/\/skintrade.org\/pt-pt\/wp-json\/wp\/v2\/product_tag?post=13363"}],"curies":[{"name":"wp","href":"https:\/\/api.w.org\/{rel}","templated":true}]}}