{"id":13362,"date":"2022-09-19T09:04:54","date_gmt":"2022-09-19T09:04:54","guid":{"rendered":"https:\/\/skin2go.r-s.space\/product\/talon-knife-blue-steel\/"},"modified":"2023-04-26T17:13:39","modified_gmt":"2023-04-26T17:13:39","slug":"talon-knife-blue-steel","status":"publish","type":"product","link":"https:\/\/skintrade.org\/pt-pt\/produto\/talon-knife-blue-steel\/","title":{"rendered":"Blue Steel"},"content":{"rendered":"<p>A l\u00e2mina da faca foi azulada a frio, o que conferiu \u00e0 superf\u00edcie do a\u00e7o \u00e1reas p\u00farpura p\u00e1lido, azul e verde. A l\u00e2mina apresenta tamb\u00e9m vest\u00edgios de p\u00e1tina. O cabo permanece sem pintura.<\/p>\n","protected":false},"excerpt":{"rendered":"<p>A l\u00e2mina da faca foi azulada a frio, o que conferiu \u00e0 superf\u00edcie do a\u00e7o \u00e1reas p\u00farpura p\u00e1lido, azul e verde. A l\u00e2mina apresenta tamb\u00e9m vest\u00edgios de p\u00e1tina. O cabo permanece sem pintura.<\/p>\n","protected":false},"featured_media":12709,"template":"","meta":[],"product_brand":[],"product_cat":[319,301],"product_tag":[],"class_list":{"0":"post-13362","1":"product","2":"type-product","3":"status-publish","4":"has-post-thumbnail","6":"product_cat-faca-talon","7":"product_cat-facas","8":"pa_rarity-secreto","9":"pa_subcategories-faca-talon","11":"first","12":"instock","13":"shipping-taxable","14":"purchasable","15":"product-type-simple"},"_links":{"self":[{"href":"https:\/\/skintrade.org\/pt-pt\/wp-json\/wp\/v2\/product\/13362","targetHints":{"allow":["GET"]}}],"collection":[{"href":"https:\/\/skintrade.org\/pt-pt\/wp-json\/wp\/v2\/product"}],"about":[{"href":"https:\/\/skintrade.org\/pt-pt\/wp-json\/wp\/v2\/types\/product"}],"wp:featuredmedia":[{"embeddable":true,"href":"https:\/\/skintrade.org\/pt-pt\/wp-json\/wp\/v2\/media\/12709"}],"wp:attachment":[{"href":"https:\/\/skintrade.org\/pt-pt\/wp-json\/wp\/v2\/media?parent=13362"}],"wp:term":[{"taxonomy":"product_brand","embeddable":true,"href":"https:\/\/skintrade.org\/pt-pt\/wp-json\/wp\/v2\/product_brand?post=13362"},{"taxonomy":"product_cat","embeddable":true,"href":"https:\/\/skintrade.org\/pt-pt\/wp-json\/wp\/v2\/product_cat?post=13362"},{"taxonomy":"product_tag","embeddable":true,"href":"https:\/\/skintrade.org\/pt-pt\/wp-json\/wp\/v2\/product_tag?post=13362"}],"curies":[{"name":"wp","href":"https:\/\/api.w.org\/{rel}","templated":true}]}}