{"id":13361,"date":"2022-09-19T09:11:15","date_gmt":"2022-09-19T09:11:15","guid":{"rendered":"https:\/\/skin2go.r-s.space\/product\/ursus-knife-rust-coat\/"},"modified":"2023-04-26T17:13:04","modified_gmt":"2023-04-26T17:13:04","slug":"ursus-knife-rust-coat","status":"publish","type":"product","link":"https:\/\/skintrade.org\/pt-pt\/produto\/ursus-knife-rust-coat\/","title":{"rendered":"Rust Coat"},"content":{"rendered":"<p>A l\u00e2mina de a\u00e7o da faca est\u00e1 revestida com uma camada irregular de ferrugem. A cor da l\u00e2mina depende do grau de desgaste e varia entre o azul-acinzentado e o castanho-alaranjado. O cabo n\u00e3o est\u00e1 pintado.<\/p>\n","protected":false},"excerpt":{"rendered":"<p>A l\u00e2mina de a\u00e7o da faca est\u00e1 revestida com uma camada irregular de ferrugem. A cor da l\u00e2mina depende do grau de desgaste e varia entre o azul-acinzentado e o castanho-alaranjado. O cabo n\u00e3o est\u00e1 pintado.<\/p>\n","protected":false},"featured_media":12718,"template":"","meta":[],"product_brand":[],"product_cat":[320,301],"product_tag":[],"class_list":{"0":"post-13361","1":"product","2":"type-product","3":"status-publish","4":"has-post-thumbnail","6":"product_cat-faca-ursus","7":"product_cat-facas","8":"pa_rarity-secreto","9":"pa_start-three-stars-pt-pt","10":"pa_subcategories-faca-ursus","12":"first","13":"instock","14":"shipping-taxable","15":"purchasable","16":"product-type-simple"},"_links":{"self":[{"href":"https:\/\/skintrade.org\/pt-pt\/wp-json\/wp\/v2\/product\/13361","targetHints":{"allow":["GET"]}}],"collection":[{"href":"https:\/\/skintrade.org\/pt-pt\/wp-json\/wp\/v2\/product"}],"about":[{"href":"https:\/\/skintrade.org\/pt-pt\/wp-json\/wp\/v2\/types\/product"}],"wp:featuredmedia":[{"embeddable":true,"href":"https:\/\/skintrade.org\/pt-pt\/wp-json\/wp\/v2\/media\/12718"}],"wp:attachment":[{"href":"https:\/\/skintrade.org\/pt-pt\/wp-json\/wp\/v2\/media?parent=13361"}],"wp:term":[{"taxonomy":"product_brand","embeddable":true,"href":"https:\/\/skintrade.org\/pt-pt\/wp-json\/wp\/v2\/product_brand?post=13361"},{"taxonomy":"product_cat","embeddable":true,"href":"https:\/\/skintrade.org\/pt-pt\/wp-json\/wp\/v2\/product_cat?post=13361"},{"taxonomy":"product_tag","embeddable":true,"href":"https:\/\/skintrade.org\/pt-pt\/wp-json\/wp\/v2\/product_tag?post=13361"}],"curies":[{"name":"wp","href":"https:\/\/api.w.org\/{rel}","templated":true}]}}