{"id":13346,"date":"2022-09-19T09:28:31","date_gmt":"2022-09-19T09:28:31","guid":{"rendered":"https:\/\/skin2go.r-s.space\/product\/bloodhound-gloves-charred\/"},"modified":"2025-08-21T13:46:38","modified_gmt":"2025-08-21T13:46:38","slug":"bloodhound-gloves-charred","status":"publish","type":"product","link":"https:\/\/skintrade.org\/pt-pt\/produto\/bloodhound-gloves-charred\/","title":{"rendered":"Charred"},"content":{"rendered":"<p>As luvas s\u00e3o feitas de couro preto e decoradas com tachas prateadas e os log\u00f3tipos da Opera\u00e7\u00e3o Bloodhound. O design \u00e9 complementado com inser\u00e7\u00f5es de malha vermelha localizadas nos punhos.<\/p>\n","protected":false},"excerpt":{"rendered":"<p>As luvas s\u00e3o feitas de couro preto e decoradas com tachas prateadas e os log\u00f3tipos da Opera\u00e7\u00e3o Bloodhound. O design \u00e9 complementado com inser\u00e7\u00f5es de malha vermelha localizadas nos punhos.<\/p>\n","protected":false},"featured_media":12736,"template":"","meta":[],"product_brand":[],"product_cat":[274,286],"product_tag":[],"class_list":{"0":"post-13346","1":"product","2":"type-product","3":"status-publish","4":"has-post-thumbnail","6":"product_cat-luvas","7":"product_cat-luvas-bloodhound","8":"pa_rarity-extraordinario","9":"pa_start-four-stars-pt-pt","10":"pa_subcategories-luvas-bloodhound","12":"first","13":"instock","14":"shipping-taxable","15":"purchasable","16":"product-type-simple"},"_links":{"self":[{"href":"https:\/\/skintrade.org\/pt-pt\/wp-json\/wp\/v2\/product\/13346","targetHints":{"allow":["GET"]}}],"collection":[{"href":"https:\/\/skintrade.org\/pt-pt\/wp-json\/wp\/v2\/product"}],"about":[{"href":"https:\/\/skintrade.org\/pt-pt\/wp-json\/wp\/v2\/types\/product"}],"wp:featuredmedia":[{"embeddable":true,"href":"https:\/\/skintrade.org\/pt-pt\/wp-json\/wp\/v2\/media\/12736"}],"wp:attachment":[{"href":"https:\/\/skintrade.org\/pt-pt\/wp-json\/wp\/v2\/media?parent=13346"}],"wp:term":[{"taxonomy":"product_brand","embeddable":true,"href":"https:\/\/skintrade.org\/pt-pt\/wp-json\/wp\/v2\/product_brand?post=13346"},{"taxonomy":"product_cat","embeddable":true,"href":"https:\/\/skintrade.org\/pt-pt\/wp-json\/wp\/v2\/product_cat?post=13346"},{"taxonomy":"product_tag","embeddable":true,"href":"https:\/\/skintrade.org\/pt-pt\/wp-json\/wp\/v2\/product_tag?post=13346"}],"curies":[{"name":"wp","href":"https:\/\/api.w.org\/{rel}","templated":true}]}}