{"id":13344,"date":"2022-09-19T09:34:00","date_gmt":"2022-09-19T09:34:00","guid":{"rendered":"https:\/\/skin2go.r-s.space\/product\/broken-fang-gloves-jade\/"},"modified":"2025-08-21T13:46:49","modified_gmt":"2025-08-21T13:46:49","slug":"broken-fang-gloves-jade","status":"publish","type":"product","link":"https:\/\/skintrade.org\/pt-pt\/produto\/broken-fang-gloves-jade\/","title":{"rendered":"Jade"},"content":{"rendered":"<p>As luvas s\u00e3o feitas de couro verde com brilho met\u00e1lico. O design \u00e9 complementado por tachas de lat\u00e3o e sobreposi\u00e7\u00f5es sob a forma do log\u00f3tipo da Opera\u00e7\u00e3o Broken Fang.<\/p>\n","protected":false},"excerpt":{"rendered":"<p>As luvas s\u00e3o feitas de couro verde com brilho met\u00e1lico. O design \u00e9 complementado por tachas de lat\u00e3o e sobreposi\u00e7\u00f5es sob a forma do log\u00f3tipo da Opera\u00e7\u00e3o Broken Fang.<\/p>\n","protected":false},"featured_media":12742,"template":"","meta":[],"product_brand":[],"product_cat":[274,287],"product_tag":[],"class_list":{"0":"post-13344","1":"product","2":"type-product","3":"status-publish","4":"has-post-thumbnail","6":"product_cat-luvas","7":"product_cat-luvas-broken-fang","8":"pa_rarity-extraordinario","9":"pa_start-five-stars-pt-pt","10":"pa_subcategories-luvas-broken-fang","12":"first","13":"instock","14":"shipping-taxable","15":"purchasable","16":"product-type-simple"},"_links":{"self":[{"href":"https:\/\/skintrade.org\/pt-pt\/wp-json\/wp\/v2\/product\/13344","targetHints":{"allow":["GET"]}}],"collection":[{"href":"https:\/\/skintrade.org\/pt-pt\/wp-json\/wp\/v2\/product"}],"about":[{"href":"https:\/\/skintrade.org\/pt-pt\/wp-json\/wp\/v2\/types\/product"}],"wp:featuredmedia":[{"embeddable":true,"href":"https:\/\/skintrade.org\/pt-pt\/wp-json\/wp\/v2\/media\/12742"}],"wp:attachment":[{"href":"https:\/\/skintrade.org\/pt-pt\/wp-json\/wp\/v2\/media?parent=13344"}],"wp:term":[{"taxonomy":"product_brand","embeddable":true,"href":"https:\/\/skintrade.org\/pt-pt\/wp-json\/wp\/v2\/product_brand?post=13344"},{"taxonomy":"product_cat","embeddable":true,"href":"https:\/\/skintrade.org\/pt-pt\/wp-json\/wp\/v2\/product_cat?post=13344"},{"taxonomy":"product_tag","embeddable":true,"href":"https:\/\/skintrade.org\/pt-pt\/wp-json\/wp\/v2\/product_tag?post=13344"}],"curies":[{"name":"wp","href":"https:\/\/api.w.org\/{rel}","templated":true}]}}