{"id":13342,"date":"2022-09-19T09:39:51","date_gmt":"2022-09-19T09:39:51","guid":{"rendered":"https:\/\/skin2go.r-s.space\/product\/broken-fang-gloves-yellow-banded\/"},"modified":"2025-08-21T13:46:41","modified_gmt":"2025-08-21T13:46:41","slug":"broken-fang-gloves-yellow-banded","status":"publish","type":"product","link":"https:\/\/skintrade.org\/pt-pt\/produto\/broken-fang-gloves-yellow-banded\/","title":{"rendered":"Yellow-banded"},"content":{"rendered":"<p>As luvas s\u00e3o feitas de couro amarelo, decoradas com um padr\u00e3o preto abstracto e combinadas com inser\u00e7\u00f5es de couro preto. O design \u00e9 complementado por tachas de lat\u00e3o e sobreposi\u00e7\u00f5es sob a forma do log\u00f3tipo da Operation Broken Fang.<\/p>\n","protected":false},"excerpt":{"rendered":"<p>As luvas s\u00e3o feitas de couro amarelo, decoradas com um padr\u00e3o preto abstracto e combinadas com inser\u00e7\u00f5es de couro preto. O design \u00e9 complementado por tachas de lat\u00e3o e sobreposi\u00e7\u00f5es sob a forma do log\u00f3tipo da Operation Broken Fang.<\/p>\n","protected":false},"featured_media":12751,"template":"","meta":[],"product_brand":[],"product_cat":[274,287],"product_tag":[],"class_list":{"0":"post-13342","1":"product","2":"type-product","3":"status-publish","4":"has-post-thumbnail","6":"product_cat-luvas","7":"product_cat-luvas-broken-fang","8":"pa_rarity-extraordinario","9":"pa_start-three-stars-pt-pt","10":"pa_subcategories-luvas-broken-fang","12":"first","13":"instock","14":"shipping-taxable","15":"purchasable","16":"product-type-simple"},"_links":{"self":[{"href":"https:\/\/skintrade.org\/pt-pt\/wp-json\/wp\/v2\/product\/13342","targetHints":{"allow":["GET"]}}],"collection":[{"href":"https:\/\/skintrade.org\/pt-pt\/wp-json\/wp\/v2\/product"}],"about":[{"href":"https:\/\/skintrade.org\/pt-pt\/wp-json\/wp\/v2\/types\/product"}],"wp:featuredmedia":[{"embeddable":true,"href":"https:\/\/skintrade.org\/pt-pt\/wp-json\/wp\/v2\/media\/12751"}],"wp:attachment":[{"href":"https:\/\/skintrade.org\/pt-pt\/wp-json\/wp\/v2\/media?parent=13342"}],"wp:term":[{"taxonomy":"product_brand","embeddable":true,"href":"https:\/\/skintrade.org\/pt-pt\/wp-json\/wp\/v2\/product_brand?post=13342"},{"taxonomy":"product_cat","embeddable":true,"href":"https:\/\/skintrade.org\/pt-pt\/wp-json\/wp\/v2\/product_cat?post=13342"},{"taxonomy":"product_tag","embeddable":true,"href":"https:\/\/skintrade.org\/pt-pt\/wp-json\/wp\/v2\/product_tag?post=13342"}],"curies":[{"name":"wp","href":"https:\/\/api.w.org\/{rel}","templated":true}]}}