{"id":13339,"date":"2022-09-19T09:44:11","date_gmt":"2022-09-19T09:44:11","guid":{"rendered":"https:\/\/skin2go.r-s.space\/product\/driver-gloves-snow-leopard\/"},"modified":"2023-04-26T16:33:49","modified_gmt":"2023-04-26T16:33:49","slug":"driver-gloves-snow-leopard","status":"publish","type":"product","link":"https:\/\/skintrade.org\/pt-pt\/produto\/driver-gloves-snow-leopard\/","title":{"rendered":"Snow Leopard"},"content":{"rendered":"<p>O lado exterior das luvas \u00e9 feito de couro branco em combina\u00e7\u00e3o com inser\u00e7\u00f5es de skin de leopardo da neve. O lado da palma das luvas \u00e9 feito de skin perfurada branca com inser\u00e7\u00f5es texturadas castanhas.<\/p>\n","protected":false},"excerpt":{"rendered":"<p>O lado exterior das luvas \u00e9 feito de couro branco em combina\u00e7\u00e3o com inser\u00e7\u00f5es de skin de leopardo da neve. O lado da palma das luvas \u00e9 feito de skin perfurada branca com inser\u00e7\u00f5es texturadas castanhas.<\/p>\n","protected":false},"featured_media":12757,"template":"","meta":[],"product_brand":[],"product_cat":[274,288],"product_tag":[],"class_list":{"0":"post-13339","1":"product","2":"type-product","3":"status-publish","4":"has-post-thumbnail","6":"product_cat-luvas","7":"product_cat-luvas-de-condutor","8":"pa_rarity-extraordinario","9":"pa_start-three-stars-pt-pt","10":"pa_subcategories-luvas-de-condutor","12":"first","13":"instock","14":"shipping-taxable","15":"purchasable","16":"product-type-simple"},"_links":{"self":[{"href":"https:\/\/skintrade.org\/pt-pt\/wp-json\/wp\/v2\/product\/13339","targetHints":{"allow":["GET"]}}],"collection":[{"href":"https:\/\/skintrade.org\/pt-pt\/wp-json\/wp\/v2\/product"}],"about":[{"href":"https:\/\/skintrade.org\/pt-pt\/wp-json\/wp\/v2\/types\/product"}],"wp:featuredmedia":[{"embeddable":true,"href":"https:\/\/skintrade.org\/pt-pt\/wp-json\/wp\/v2\/media\/12757"}],"wp:attachment":[{"href":"https:\/\/skintrade.org\/pt-pt\/wp-json\/wp\/v2\/media?parent=13339"}],"wp:term":[{"taxonomy":"product_brand","embeddable":true,"href":"https:\/\/skintrade.org\/pt-pt\/wp-json\/wp\/v2\/product_brand?post=13339"},{"taxonomy":"product_cat","embeddable":true,"href":"https:\/\/skintrade.org\/pt-pt\/wp-json\/wp\/v2\/product_cat?post=13339"},{"taxonomy":"product_tag","embeddable":true,"href":"https:\/\/skintrade.org\/pt-pt\/wp-json\/wp\/v2\/product_tag?post=13339"}],"curies":[{"name":"wp","href":"https:\/\/api.w.org\/{rel}","templated":true}]}}