{"id":13338,"date":"2022-09-19T09:42:16","date_gmt":"2022-09-19T09:42:16","guid":{"rendered":"https:\/\/skin2go.r-s.space\/product\/driver-gloves-crimson-weave\/"},"modified":"2023-04-26T16:34:15","modified_gmt":"2023-04-26T16:34:15","slug":"driver-gloves-crimson-weave","status":"publish","type":"product","link":"https:\/\/skintrade.org\/pt-pt\/produto\/driver-gloves-crimson-weave\/","title":{"rendered":"Crimson Weave"},"content":{"rendered":"<p>A parte superior das luvas \u00e9 feita de couro vermelho e adornada com um padr\u00e3o axadrezado de camur\u00e7a castanha. O lado da palma \u00e9 feito de camur\u00e7a castanha e refor\u00e7ado com inser\u00e7\u00f5es texturadas cinzentas.<\/p>\n","protected":false},"excerpt":{"rendered":"<p>A parte superior das luvas \u00e9 feita de couro vermelho e adornada com um padr\u00e3o axadrezado de camur\u00e7a castanha. O lado da palma \u00e9 feito de camur\u00e7a castanha e refor\u00e7ado com inser\u00e7\u00f5es texturadas cinzentas.<\/p>\n","protected":false},"featured_media":12754,"template":"","meta":[],"product_brand":[],"product_cat":[274,288],"product_tag":[],"class_list":{"0":"post-13338","1":"product","2":"type-product","3":"status-publish","4":"has-post-thumbnail","6":"product_cat-luvas","7":"product_cat-luvas-de-condutor","8":"pa_rarity-extraordinario","9":"pa_start-five-stars-pt-pt","10":"pa_subcategories-luvas-de-condutor","12":"first","13":"instock","14":"shipping-taxable","15":"purchasable","16":"product-type-simple"},"_links":{"self":[{"href":"https:\/\/skintrade.org\/pt-pt\/wp-json\/wp\/v2\/product\/13338","targetHints":{"allow":["GET"]}}],"collection":[{"href":"https:\/\/skintrade.org\/pt-pt\/wp-json\/wp\/v2\/product"}],"about":[{"href":"https:\/\/skintrade.org\/pt-pt\/wp-json\/wp\/v2\/types\/product"}],"wp:featuredmedia":[{"embeddable":true,"href":"https:\/\/skintrade.org\/pt-pt\/wp-json\/wp\/v2\/media\/12754"}],"wp:attachment":[{"href":"https:\/\/skintrade.org\/pt-pt\/wp-json\/wp\/v2\/media?parent=13338"}],"wp:term":[{"taxonomy":"product_brand","embeddable":true,"href":"https:\/\/skintrade.org\/pt-pt\/wp-json\/wp\/v2\/product_brand?post=13338"},{"taxonomy":"product_cat","embeddable":true,"href":"https:\/\/skintrade.org\/pt-pt\/wp-json\/wp\/v2\/product_cat?post=13338"},{"taxonomy":"product_tag","embeddable":true,"href":"https:\/\/skintrade.org\/pt-pt\/wp-json\/wp\/v2\/product_tag?post=13338"}],"curies":[{"name":"wp","href":"https:\/\/api.w.org\/{rel}","templated":true}]}}