{"id":13336,"date":"2022-09-19T09:45:57","date_gmt":"2022-09-19T09:45:57","guid":{"rendered":"https:\/\/skin2go.r-s.space\/product\/driver-gloves-imperial-plaid\/"},"modified":"2025-08-21T13:46:45","modified_gmt":"2025-08-21T13:46:45","slug":"driver-gloves-imperial-plaid","status":"publish","type":"product","link":"https:\/\/skintrade.org\/pt-pt\/produto\/driver-gloves-imperial-plaid\/","title":{"rendered":"Imperial Plaid"},"content":{"rendered":"<p>A parte superior das luvas \u00e9 feita de couro e flanela, adornada com um padr\u00e3o tartan. O lado da palma \u00e9 de couro e refor\u00e7ado com inser\u00e7\u00f5es de textura azul. As luvas s\u00e3o fabricadas num esquema de cores p\u00farpura.<\/p>\n","protected":false},"excerpt":{"rendered":"<p>A parte superior das luvas \u00e9 feita de couro e flanela, adornada com um padr\u00e3o tartan. O lado da palma \u00e9 de couro e refor\u00e7ado com inser\u00e7\u00f5es de textura azul. As luvas s\u00e3o fabricadas num esquema de cores p\u00farpura.<\/p>\n","protected":false},"featured_media":12760,"template":"","meta":[],"product_brand":[],"product_cat":[274,288],"product_tag":[],"class_list":{"0":"post-13336","1":"product","2":"type-product","3":"status-publish","4":"has-post-thumbnail","6":"product_cat-luvas","7":"product_cat-luvas-de-condutor","8":"pa_rarity-extraordinario","9":"pa_start-three-stars-pt-pt","10":"pa_subcategories-luvas-de-condutor","12":"first","13":"instock","14":"shipping-taxable","15":"purchasable","16":"product-type-simple"},"_links":{"self":[{"href":"https:\/\/skintrade.org\/pt-pt\/wp-json\/wp\/v2\/product\/13336","targetHints":{"allow":["GET"]}}],"collection":[{"href":"https:\/\/skintrade.org\/pt-pt\/wp-json\/wp\/v2\/product"}],"about":[{"href":"https:\/\/skintrade.org\/pt-pt\/wp-json\/wp\/v2\/types\/product"}],"wp:featuredmedia":[{"embeddable":true,"href":"https:\/\/skintrade.org\/pt-pt\/wp-json\/wp\/v2\/media\/12760"}],"wp:attachment":[{"href":"https:\/\/skintrade.org\/pt-pt\/wp-json\/wp\/v2\/media?parent=13336"}],"wp:term":[{"taxonomy":"product_brand","embeddable":true,"href":"https:\/\/skintrade.org\/pt-pt\/wp-json\/wp\/v2\/product_brand?post=13336"},{"taxonomy":"product_cat","embeddable":true,"href":"https:\/\/skintrade.org\/pt-pt\/wp-json\/wp\/v2\/product_cat?post=13336"},{"taxonomy":"product_tag","embeddable":true,"href":"https:\/\/skintrade.org\/pt-pt\/wp-json\/wp\/v2\/product_tag?post=13336"}],"curies":[{"name":"wp","href":"https:\/\/api.w.org\/{rel}","templated":true}]}}