{"id":13333,"date":"2022-09-19T09:50:34","date_gmt":"2022-09-19T09:50:34","guid":{"rendered":"https:\/\/skin2go.r-s.space\/product\/driver-gloves-lunar-weave\/"},"modified":"2025-08-21T13:45:58","modified_gmt":"2025-08-21T13:45:58","slug":"driver-gloves-lunar-weave","status":"publish","type":"product","link":"https:\/\/skintrade.org\/pt-pt\/produto\/driver-gloves-lunar-weave\/","title":{"rendered":"Lunar Weave"},"content":{"rendered":"<p>A parte superior das luvas \u00e9 feita de couro preto e adornada com um padr\u00e3o axadrezado de camur\u00e7a cinzento-azulada. A palma da m\u00e3o \u00e9 feita de camur\u00e7a azul-acinzentada e refor\u00e7ada com inser\u00e7\u00f5es texturadas cinzentas.<\/p>\n","protected":false},"excerpt":{"rendered":"<p>A parte superior das luvas \u00e9 feita de couro preto e adornada com um padr\u00e3o axadrezado de camur\u00e7a cinzento-azulada. A palma da m\u00e3o \u00e9 feita de camur\u00e7a azul-acinzentada e refor\u00e7ada com inser\u00e7\u00f5es texturadas cinzentas.<\/p>\n","protected":false},"featured_media":12766,"template":"","meta":[],"product_brand":[],"product_cat":[274,288],"product_tag":[],"class_list":{"0":"post-13333","1":"product","2":"type-product","3":"status-publish","4":"has-post-thumbnail","6":"product_cat-luvas","7":"product_cat-luvas-de-condutor","8":"pa_rarity-extraordinario","9":"pa_start-four-stars-pt-pt","10":"pa_subcategories-luvas-de-condutor","12":"first","13":"instock","14":"shipping-taxable","15":"purchasable","16":"product-type-simple"},"_links":{"self":[{"href":"https:\/\/skintrade.org\/pt-pt\/wp-json\/wp\/v2\/product\/13333","targetHints":{"allow":["GET"]}}],"collection":[{"href":"https:\/\/skintrade.org\/pt-pt\/wp-json\/wp\/v2\/product"}],"about":[{"href":"https:\/\/skintrade.org\/pt-pt\/wp-json\/wp\/v2\/types\/product"}],"wp:featuredmedia":[{"embeddable":true,"href":"https:\/\/skintrade.org\/pt-pt\/wp-json\/wp\/v2\/media\/12766"}],"wp:attachment":[{"href":"https:\/\/skintrade.org\/pt-pt\/wp-json\/wp\/v2\/media?parent=13333"}],"wp:term":[{"taxonomy":"product_brand","embeddable":true,"href":"https:\/\/skintrade.org\/pt-pt\/wp-json\/wp\/v2\/product_brand?post=13333"},{"taxonomy":"product_cat","embeddable":true,"href":"https:\/\/skintrade.org\/pt-pt\/wp-json\/wp\/v2\/product_cat?post=13333"},{"taxonomy":"product_tag","embeddable":true,"href":"https:\/\/skintrade.org\/pt-pt\/wp-json\/wp\/v2\/product_tag?post=13333"}],"curies":[{"name":"wp","href":"https:\/\/api.w.org\/{rel}","templated":true}]}}