{"id":13331,"date":"2022-09-19T09:55:20","date_gmt":"2022-09-19T09:55:20","guid":{"rendered":"https:\/\/skin2go.r-s.space\/product\/hand-wraps-overprint\/"},"modified":"2025-08-21T13:46:11","modified_gmt":"2025-08-21T13:46:11","slug":"hand-wraps-overprint","status":"publish","type":"product","link":"https:\/\/skintrade.org\/pt-pt\/produto\/hand-wraps-overprint\/","title":{"rendered":"Overprint"},"content":{"rendered":"<p>A camada interior dos inv\u00f3lucros \u00e9 feita de tecido preto. A camada exterior \u00e9 feita de fita de lona adornada com um padr\u00e3o geom\u00e9trico azul-petr\u00f3leo.<\/p>\n","protected":false},"excerpt":{"rendered":"<p>A camada interior dos inv\u00f3lucros \u00e9 feita de tecido preto. A camada exterior \u00e9 feita de fita de lona adornada com um padr\u00e3o geom\u00e9trico azul-petr\u00f3leo.<\/p>\n","protected":false},"featured_media":12772,"template":"","meta":[],"product_brand":[],"product_cat":[289,274],"product_tag":[],"class_list":{"0":"post-13331","1":"product","2":"type-product","3":"status-publish","4":"has-post-thumbnail","6":"product_cat-faixas-de-mao","7":"product_cat-luvas","8":"pa_rarity-extraordinario","9":"pa_start-four-stars-pt-pt","10":"pa_subcategories-faixas-de-mao","12":"first","13":"instock","14":"shipping-taxable","15":"purchasable","16":"product-type-simple"},"_links":{"self":[{"href":"https:\/\/skintrade.org\/pt-pt\/wp-json\/wp\/v2\/product\/13331","targetHints":{"allow":["GET"]}}],"collection":[{"href":"https:\/\/skintrade.org\/pt-pt\/wp-json\/wp\/v2\/product"}],"about":[{"href":"https:\/\/skintrade.org\/pt-pt\/wp-json\/wp\/v2\/types\/product"}],"wp:featuredmedia":[{"embeddable":true,"href":"https:\/\/skintrade.org\/pt-pt\/wp-json\/wp\/v2\/media\/12772"}],"wp:attachment":[{"href":"https:\/\/skintrade.org\/pt-pt\/wp-json\/wp\/v2\/media?parent=13331"}],"wp:term":[{"taxonomy":"product_brand","embeddable":true,"href":"https:\/\/skintrade.org\/pt-pt\/wp-json\/wp\/v2\/product_brand?post=13331"},{"taxonomy":"product_cat","embeddable":true,"href":"https:\/\/skintrade.org\/pt-pt\/wp-json\/wp\/v2\/product_cat?post=13331"},{"taxonomy":"product_tag","embeddable":true,"href":"https:\/\/skintrade.org\/pt-pt\/wp-json\/wp\/v2\/product_tag?post=13331"}],"curies":[{"name":"wp","href":"https:\/\/api.w.org\/{rel}","templated":true}]}}