{"id":13329,"date":"2022-09-19T10:07:16","date_gmt":"2022-09-19T10:07:16","guid":{"rendered":"https:\/\/skin2go.r-s.space\/product\/hand-wraps-arboreal\/"},"modified":"2025-08-21T13:46:08","modified_gmt":"2025-08-21T13:46:08","slug":"hand-wraps-arboreal","status":"publish","type":"product","link":"https:\/\/skintrade.org\/pt-pt\/produto\/hand-wraps-arboreal\/","title":{"rendered":"Arboreal"},"content":{"rendered":"<p>A camada interior dos inv\u00f3lucros \u00e9 feita de tecido castanho. A camada exterior \u00e9 feita de fita de lona adornada com um padr\u00e3o de camuflagem em castanho, bege e verde.<\/p>\n","protected":false},"excerpt":{"rendered":"<p>A camada interior dos inv\u00f3lucros \u00e9 feita de tecido castanho. A camada exterior \u00e9 feita de fita de lona adornada com um padr\u00e3o de camuflagem em castanho, bege e verde.<\/p>\n","protected":false},"featured_media":12781,"template":"","meta":[],"product_brand":[],"product_cat":[289,274],"product_tag":[],"class_list":{"0":"post-13329","1":"product","2":"type-product","3":"status-publish","4":"has-post-thumbnail","6":"product_cat-faixas-de-mao","7":"product_cat-luvas","8":"pa_rarity-extraordinario","9":"pa_start-three-stars-pt-pt","10":"pa_subcategories-faixas-de-mao","12":"first","13":"instock","14":"shipping-taxable","15":"purchasable","16":"product-type-simple"},"_links":{"self":[{"href":"https:\/\/skintrade.org\/pt-pt\/wp-json\/wp\/v2\/product\/13329","targetHints":{"allow":["GET"]}}],"collection":[{"href":"https:\/\/skintrade.org\/pt-pt\/wp-json\/wp\/v2\/product"}],"about":[{"href":"https:\/\/skintrade.org\/pt-pt\/wp-json\/wp\/v2\/types\/product"}],"wp:featuredmedia":[{"embeddable":true,"href":"https:\/\/skintrade.org\/pt-pt\/wp-json\/wp\/v2\/media\/12781"}],"wp:attachment":[{"href":"https:\/\/skintrade.org\/pt-pt\/wp-json\/wp\/v2\/media?parent=13329"}],"wp:term":[{"taxonomy":"product_brand","embeddable":true,"href":"https:\/\/skintrade.org\/pt-pt\/wp-json\/wp\/v2\/product_brand?post=13329"},{"taxonomy":"product_cat","embeddable":true,"href":"https:\/\/skintrade.org\/pt-pt\/wp-json\/wp\/v2\/product_cat?post=13329"},{"taxonomy":"product_tag","embeddable":true,"href":"https:\/\/skintrade.org\/pt-pt\/wp-json\/wp\/v2\/product_tag?post=13329"}],"curies":[{"name":"wp","href":"https:\/\/api.w.org\/{rel}","templated":true}]}}