{"id":13327,"date":"2022-09-19T10:09:15","date_gmt":"2022-09-19T10:09:15","guid":{"rendered":"https:\/\/skin2go.r-s.space\/product\/hydra-gloves-rattler\/"},"modified":"2025-08-21T13:46:03","modified_gmt":"2025-08-21T13:46:03","slug":"hydra-gloves-rattler","status":"publish","type":"product","link":"https:\/\/skintrade.org\/pt-pt\/produto\/hydra-gloves-rattler\/","title":{"rendered":"Rattler"},"content":{"rendered":"<p>As luvas s\u00e3o feitas de skin castanha escura e skin de cobra bege-castanha. O design \u00e9 complementado com tachas de lat\u00e3o e os log\u00f3tipos da Opera\u00e7\u00e3o Hydra.<\/p>\n","protected":false},"excerpt":{"rendered":"<p>As luvas s\u00e3o feitas de skin castanha escura e skin de cobra bege-castanha. O design \u00e9 complementado com tachas de lat\u00e3o e os log\u00f3tipos da Opera\u00e7\u00e3o Hydra.<\/p>\n","protected":false},"featured_media":12784,"template":"","meta":[],"product_brand":[],"product_cat":[274,290],"product_tag":[],"class_list":{"0":"post-13327","1":"product","2":"type-product","3":"status-publish","4":"has-post-thumbnail","6":"product_cat-luvas","7":"product_cat-luvas-hydra","8":"pa_rarity-extraordinario","9":"pa_start-five-stars-pt-pt","10":"pa_subcategories-luvas-hydra","12":"first","13":"instock","14":"shipping-taxable","15":"purchasable","16":"product-type-simple"},"_links":{"self":[{"href":"https:\/\/skintrade.org\/pt-pt\/wp-json\/wp\/v2\/product\/13327","targetHints":{"allow":["GET"]}}],"collection":[{"href":"https:\/\/skintrade.org\/pt-pt\/wp-json\/wp\/v2\/product"}],"about":[{"href":"https:\/\/skintrade.org\/pt-pt\/wp-json\/wp\/v2\/types\/product"}],"wp:featuredmedia":[{"embeddable":true,"href":"https:\/\/skintrade.org\/pt-pt\/wp-json\/wp\/v2\/media\/12784"}],"wp:attachment":[{"href":"https:\/\/skintrade.org\/pt-pt\/wp-json\/wp\/v2\/media?parent=13327"}],"wp:term":[{"taxonomy":"product_brand","embeddable":true,"href":"https:\/\/skintrade.org\/pt-pt\/wp-json\/wp\/v2\/product_brand?post=13327"},{"taxonomy":"product_cat","embeddable":true,"href":"https:\/\/skintrade.org\/pt-pt\/wp-json\/wp\/v2\/product_cat?post=13327"},{"taxonomy":"product_tag","embeddable":true,"href":"https:\/\/skintrade.org\/pt-pt\/wp-json\/wp\/v2\/product_tag?post=13327"}],"curies":[{"name":"wp","href":"https:\/\/api.w.org\/{rel}","templated":true}]}}