{"id":13326,"date":"2022-09-19T10:14:22","date_gmt":"2022-09-19T10:14:22","guid":{"rendered":"https:\/\/skin2go.r-s.space\/product\/hydra-gloves-emerald\/"},"modified":"2025-08-21T13:46:03","modified_gmt":"2025-08-21T13:46:03","slug":"hydra-gloves-emerald","status":"publish","type":"product","link":"https:\/\/skintrade.org\/pt-pt\/produto\/hydra-gloves-emerald\/","title":{"rendered":"Emerald"},"content":{"rendered":"<p>As luvas s\u00e3o feitas de couro preto e decoradas com tachas prateadas e os log\u00f3tipos verdes da Opera\u00e7\u00e3o Hydra. O design \u00e9 complementado com inser\u00e7\u00f5es de malha verde localizadas nos punhos.<\/p>\n","protected":false},"excerpt":{"rendered":"<p>As luvas s\u00e3o feitas de couro preto e decoradas com tachas prateadas e os log\u00f3tipos verdes da Opera\u00e7\u00e3o Hydra. O design \u00e9 complementado com inser\u00e7\u00f5es de malha verde localizadas nos punhos.<\/p>\n","protected":false},"featured_media":12790,"template":"","meta":[],"product_brand":[],"product_cat":[274,290],"product_tag":[],"class_list":{"0":"post-13326","1":"product","2":"type-product","3":"status-publish","4":"has-post-thumbnail","6":"product_cat-luvas","7":"product_cat-luvas-hydra","8":"pa_rarity-extraordinario","9":"pa_start-three-stars-pt-pt","10":"pa_subcategories-luvas-hydra","12":"first","13":"instock","14":"shipping-taxable","15":"purchasable","16":"product-type-simple"},"_links":{"self":[{"href":"https:\/\/skintrade.org\/pt-pt\/wp-json\/wp\/v2\/product\/13326","targetHints":{"allow":["GET"]}}],"collection":[{"href":"https:\/\/skintrade.org\/pt-pt\/wp-json\/wp\/v2\/product"}],"about":[{"href":"https:\/\/skintrade.org\/pt-pt\/wp-json\/wp\/v2\/types\/product"}],"wp:featuredmedia":[{"embeddable":true,"href":"https:\/\/skintrade.org\/pt-pt\/wp-json\/wp\/v2\/media\/12790"}],"wp:attachment":[{"href":"https:\/\/skintrade.org\/pt-pt\/wp-json\/wp\/v2\/media?parent=13326"}],"wp:term":[{"taxonomy":"product_brand","embeddable":true,"href":"https:\/\/skintrade.org\/pt-pt\/wp-json\/wp\/v2\/product_brand?post=13326"},{"taxonomy":"product_cat","embeddable":true,"href":"https:\/\/skintrade.org\/pt-pt\/wp-json\/wp\/v2\/product_cat?post=13326"},{"taxonomy":"product_tag","embeddable":true,"href":"https:\/\/skintrade.org\/pt-pt\/wp-json\/wp\/v2\/product_tag?post=13326"}],"curies":[{"name":"wp","href":"https:\/\/api.w.org\/{rel}","templated":true}]}}