{"id":13323,"date":"2022-09-19T10:18:21","date_gmt":"2022-09-19T10:18:21","guid":{"rendered":"https:\/\/skin2go.r-s.space\/product\/moto-gloves-spearmint\/"},"modified":"2023-04-26T15:29:53","modified_gmt":"2023-04-26T15:29:53","slug":"moto-gloves-spearmint","status":"publish","type":"product","link":"https:\/\/skintrade.org\/pt-pt\/produto\/moto-gloves-spearmint\/","title":{"rendered":"Spearmint"},"content":{"rendered":"<p>As luvas s\u00e3o feitas de couro branco e adornadas com um padr\u00e3o geom\u00e9trico azul-petr\u00f3leo. A parte superior das luvas \u00e9 complementada com detalhes em laranja e protectores em cinzento escuro. O lado da palma \u00e9 refor\u00e7ado com inser\u00e7\u00f5es em azul-petr\u00f3leo.<\/p>\n","protected":false},"excerpt":{"rendered":"<p>As luvas s\u00e3o feitas de couro branco e adornadas com um padr\u00e3o geom\u00e9trico azul-petr\u00f3leo. A parte superior das luvas \u00e9 complementada com detalhes em laranja e protectores em cinzento escuro. O lado da palma \u00e9 refor\u00e7ado com inser\u00e7\u00f5es em azul-petr\u00f3leo.<\/p>\n","protected":false},"featured_media":12796,"template":"","meta":[],"product_brand":[],"product_cat":[274,291],"product_tag":[],"class_list":{"0":"post-13323","1":"product","2":"type-product","3":"status-publish","4":"has-post-thumbnail","6":"product_cat-luvas","7":"product_cat-luvas-de-motociclista","8":"pa_rarity-extraordinario","9":"pa_start-four-stars-pt-pt","10":"pa_subcategories-luvas-de-motociclista","12":"first","13":"instock","14":"shipping-taxable","15":"purchasable","16":"product-type-simple"},"_links":{"self":[{"href":"https:\/\/skintrade.org\/pt-pt\/wp-json\/wp\/v2\/product\/13323","targetHints":{"allow":["GET"]}}],"collection":[{"href":"https:\/\/skintrade.org\/pt-pt\/wp-json\/wp\/v2\/product"}],"about":[{"href":"https:\/\/skintrade.org\/pt-pt\/wp-json\/wp\/v2\/types\/product"}],"wp:featuredmedia":[{"embeddable":true,"href":"https:\/\/skintrade.org\/pt-pt\/wp-json\/wp\/v2\/media\/12796"}],"wp:attachment":[{"href":"https:\/\/skintrade.org\/pt-pt\/wp-json\/wp\/v2\/media?parent=13323"}],"wp:term":[{"taxonomy":"product_brand","embeddable":true,"href":"https:\/\/skintrade.org\/pt-pt\/wp-json\/wp\/v2\/product_brand?post=13323"},{"taxonomy":"product_cat","embeddable":true,"href":"https:\/\/skintrade.org\/pt-pt\/wp-json\/wp\/v2\/product_cat?post=13323"},{"taxonomy":"product_tag","embeddable":true,"href":"https:\/\/skintrade.org\/pt-pt\/wp-json\/wp\/v2\/product_tag?post=13323"}],"curies":[{"name":"wp","href":"https:\/\/api.w.org\/{rel}","templated":true}]}}