{"id":13322,"date":"2022-09-19T10:20:55","date_gmt":"2022-09-19T10:20:55","guid":{"rendered":"https:\/\/skin2go.r-s.space\/product\/moto-gloves-transport\/"},"modified":"2025-08-21T13:46:01","modified_gmt":"2025-08-21T13:46:01","slug":"moto-gloves-transport","status":"publish","type":"product","link":"https:\/\/skintrade.org\/pt-pt\/produto\/moto-gloves-transport\/","title":{"rendered":"Transport"},"content":{"rendered":"<p>As luvas s\u00e3o feitas de skin amarela e adornadas com um padr\u00e3o de camuflagem de p\u00edxeis pouco vis\u00edvel, num esquema de cores amarelo-verde. A parte superior das luvas \u00e9 complementada com protectores de carapa\u00e7a bege. O lado da palma \u00e9 refor\u00e7ado com inser\u00e7\u00f5es de camuflagem cinzentas e verde-amarelas.<\/p>\n","protected":false},"excerpt":{"rendered":"<p>As luvas s\u00e3o feitas de skin amarela e adornadas com um padr\u00e3o de camuflagem de p\u00edxeis pouco vis\u00edvel, num esquema de cores amarelo-verde. A parte superior das luvas \u00e9 complementada com protectores de carapa\u00e7a bege. O lado da palma \u00e9 refor\u00e7ado com inser\u00e7\u00f5es de camuflagem cinzentas e verde-amarelas.<\/p>\n","protected":false},"featured_media":12799,"template":"","meta":[],"product_brand":[],"product_cat":[274,291],"product_tag":[],"class_list":{"0":"post-13322","1":"product","2":"type-product","3":"status-publish","4":"has-post-thumbnail","6":"product_cat-luvas","7":"product_cat-luvas-de-motociclista","8":"pa_rarity-extraordinario","9":"pa_start-three-stars-pt-pt","10":"pa_subcategories-luvas-de-motociclista","12":"first","13":"instock","14":"shipping-taxable","15":"purchasable","16":"product-type-simple"},"_links":{"self":[{"href":"https:\/\/skintrade.org\/pt-pt\/wp-json\/wp\/v2\/product\/13322","targetHints":{"allow":["GET"]}}],"collection":[{"href":"https:\/\/skintrade.org\/pt-pt\/wp-json\/wp\/v2\/product"}],"about":[{"href":"https:\/\/skintrade.org\/pt-pt\/wp-json\/wp\/v2\/types\/product"}],"wp:featuredmedia":[{"embeddable":true,"href":"https:\/\/skintrade.org\/pt-pt\/wp-json\/wp\/v2\/media\/12799"}],"wp:attachment":[{"href":"https:\/\/skintrade.org\/pt-pt\/wp-json\/wp\/v2\/media?parent=13322"}],"wp:term":[{"taxonomy":"product_brand","embeddable":true,"href":"https:\/\/skintrade.org\/pt-pt\/wp-json\/wp\/v2\/product_brand?post=13322"},{"taxonomy":"product_cat","embeddable":true,"href":"https:\/\/skintrade.org\/pt-pt\/wp-json\/wp\/v2\/product_cat?post=13322"},{"taxonomy":"product_tag","embeddable":true,"href":"https:\/\/skintrade.org\/pt-pt\/wp-json\/wp\/v2\/product_tag?post=13322"}],"curies":[{"name":"wp","href":"https:\/\/api.w.org\/{rel}","templated":true}]}}