{"id":13320,"date":"2022-09-19T10:58:11","date_gmt":"2022-09-19T10:58:11","guid":{"rendered":"https:\/\/skin2go.r-s.space\/product\/moto-gloves-finish-line\/"},"modified":"2025-08-21T13:45:33","modified_gmt":"2025-08-21T13:45:33","slug":"moto-gloves-finish-line","status":"publish","type":"product","link":"https:\/\/skintrade.org\/pt-pt\/produto\/moto-gloves-finish-line\/","title":{"rendered":"Finish Line"},"content":{"rendered":"<p>As luvas s\u00e3o feitas de couro decorado com um padr\u00e3o axadrezado a preto e branco. O lado exterior das luvas apresenta detalhes em verde claro e protectores de carapa\u00e7a pretos. O lado da palma das luvas \u00e9 feito de couro preto e azul escuro e parcialmente complementado por inser\u00e7\u00f5es axadrezadas.<\/p>\n","protected":false},"excerpt":{"rendered":"<p>As luvas s\u00e3o feitas de couro decorado com um padr\u00e3o axadrezado a preto e branco. O lado exterior das luvas apresenta detalhes em verde claro e protectores de carapa\u00e7a pretos. O lado da palma das luvas \u00e9 feito de couro preto e azul escuro e parcialmente complementado por inser\u00e7\u00f5es axadrezadas.<\/p>\n","protected":false},"featured_media":12805,"template":"","meta":[],"product_brand":[],"product_cat":[274,291],"product_tag":[],"class_list":{"0":"post-13320","1":"product","2":"type-product","3":"status-publish","4":"has-post-thumbnail","6":"product_cat-luvas","7":"product_cat-luvas-de-motociclista","8":"pa_rarity-extraordinario","9":"pa_subcategories-luvas-de-motociclista","11":"first","12":"instock","13":"shipping-taxable","14":"purchasable","15":"product-type-simple"},"_links":{"self":[{"href":"https:\/\/skintrade.org\/pt-pt\/wp-json\/wp\/v2\/product\/13320","targetHints":{"allow":["GET"]}}],"collection":[{"href":"https:\/\/skintrade.org\/pt-pt\/wp-json\/wp\/v2\/product"}],"about":[{"href":"https:\/\/skintrade.org\/pt-pt\/wp-json\/wp\/v2\/types\/product"}],"wp:featuredmedia":[{"embeddable":true,"href":"https:\/\/skintrade.org\/pt-pt\/wp-json\/wp\/v2\/media\/12805"}],"wp:attachment":[{"href":"https:\/\/skintrade.org\/pt-pt\/wp-json\/wp\/v2\/media?parent=13320"}],"wp:term":[{"taxonomy":"product_brand","embeddable":true,"href":"https:\/\/skintrade.org\/pt-pt\/wp-json\/wp\/v2\/product_brand?post=13320"},{"taxonomy":"product_cat","embeddable":true,"href":"https:\/\/skintrade.org\/pt-pt\/wp-json\/wp\/v2\/product_cat?post=13320"},{"taxonomy":"product_tag","embeddable":true,"href":"https:\/\/skintrade.org\/pt-pt\/wp-json\/wp\/v2\/product_tag?post=13320"}],"curies":[{"name":"wp","href":"https:\/\/api.w.org\/{rel}","templated":true}]}}