{"id":13319,"date":"2022-09-19T11:00:12","date_gmt":"2022-09-19T11:00:12","guid":{"rendered":"https:\/\/skin2go.r-s.space\/product\/moto-gloves-turtle\/"},"modified":"2025-08-21T13:45:30","modified_gmt":"2025-08-21T13:45:30","slug":"moto-gloves-turtle","status":"publish","type":"product","link":"https:\/\/skintrade.org\/pt-pt\/produto\/moto-gloves-turtle\/","title":{"rendered":"Turtle"},"content":{"rendered":"<p>Estas luvas volumosas com punhos duros podem proteger as m\u00e3os do utilizador contra as erup\u00e7\u00f5es cut\u00e2neas a 60 mph. Este par verde e cinzento tem detalhes em laranja vivo.<\/p>\n","protected":false},"excerpt":{"rendered":"<p>Estas luvas volumosas com punhos duros podem proteger as m\u00e3os do utilizador contra as erup\u00e7\u00f5es cut\u00e2neas a 60 mph. Este par verde e cinzento tem detalhes em laranja vivo.<\/p>\n","protected":false},"featured_media":12808,"template":"","meta":[],"product_brand":[],"product_cat":[274,291],"product_tag":[],"class_list":{"0":"post-13319","1":"product","2":"type-product","3":"status-publish","4":"has-post-thumbnail","6":"product_cat-luvas","7":"product_cat-luvas-de-motociclista","8":"pa_rarity-extraordinario","9":"pa_start-four-stars-pt-pt","10":"pa_subcategories-luvas-de-motociclista","12":"first","13":"instock","14":"shipping-taxable","15":"purchasable","16":"product-type-simple"},"_links":{"self":[{"href":"https:\/\/skintrade.org\/pt-pt\/wp-json\/wp\/v2\/product\/13319","targetHints":{"allow":["GET"]}}],"collection":[{"href":"https:\/\/skintrade.org\/pt-pt\/wp-json\/wp\/v2\/product"}],"about":[{"href":"https:\/\/skintrade.org\/pt-pt\/wp-json\/wp\/v2\/types\/product"}],"wp:featuredmedia":[{"embeddable":true,"href":"https:\/\/skintrade.org\/pt-pt\/wp-json\/wp\/v2\/media\/12808"}],"wp:attachment":[{"href":"https:\/\/skintrade.org\/pt-pt\/wp-json\/wp\/v2\/media?parent=13319"}],"wp:term":[{"taxonomy":"product_brand","embeddable":true,"href":"https:\/\/skintrade.org\/pt-pt\/wp-json\/wp\/v2\/product_brand?post=13319"},{"taxonomy":"product_cat","embeddable":true,"href":"https:\/\/skintrade.org\/pt-pt\/wp-json\/wp\/v2\/product_cat?post=13319"},{"taxonomy":"product_tag","embeddable":true,"href":"https:\/\/skintrade.org\/pt-pt\/wp-json\/wp\/v2\/product_tag?post=13319"}],"curies":[{"name":"wp","href":"https:\/\/api.w.org\/{rel}","templated":true}]}}