{"id":13317,"date":"2022-09-19T11:07:05","date_gmt":"2022-09-19T11:07:05","guid":{"rendered":"https:\/\/skin2go.r-s.space\/product\/specialist-gloves-field-agent\/"},"modified":"2025-08-21T13:45:29","modified_gmt":"2025-08-21T13:45:29","slug":"specialist-gloves-field-agent","status":"publish","type":"product","link":"https:\/\/skintrade.org\/pt-pt\/produto\/specialist-gloves-field-agent\/","title":{"rendered":"Field Agent"},"content":{"rendered":"<p>O lado exterior das luvas \u00e9 feito de tecido azul rugoso. O design \u00e9 complementado por inser\u00e7\u00f5es de borracha azul e amarela com um contorno branco. O lado da palma das luvas \u00e9 feito de dois tipos de skin azul e complementado por inser\u00e7\u00f5es amarelas.<\/p>\n","protected":false},"excerpt":{"rendered":"<p>O lado exterior das luvas \u00e9 feito de tecido azul rugoso. O design \u00e9 complementado por inser\u00e7\u00f5es de borracha azul e amarela com um contorno branco. O lado da palma das luvas \u00e9 feito de dois tipos de skin azul e complementado por inser\u00e7\u00f5es amarelas.<\/p>\n","protected":false},"featured_media":12814,"template":"","meta":[],"product_brand":[],"product_cat":[274,292],"product_tag":[],"class_list":{"0":"post-13317","1":"product","2":"type-product","3":"status-publish","4":"has-post-thumbnail","6":"product_cat-luvas","7":"product_cat-luvas-de-especialista","8":"pa_rarity-extraordinario","9":"pa_start-two-stars-pt-pt","10":"pa_subcategories-luvas-de-especialista","12":"first","13":"instock","14":"shipping-taxable","15":"purchasable","16":"product-type-simple"},"_links":{"self":[{"href":"https:\/\/skintrade.org\/pt-pt\/wp-json\/wp\/v2\/product\/13317","targetHints":{"allow":["GET"]}}],"collection":[{"href":"https:\/\/skintrade.org\/pt-pt\/wp-json\/wp\/v2\/product"}],"about":[{"href":"https:\/\/skintrade.org\/pt-pt\/wp-json\/wp\/v2\/types\/product"}],"wp:featuredmedia":[{"embeddable":true,"href":"https:\/\/skintrade.org\/pt-pt\/wp-json\/wp\/v2\/media\/12814"}],"wp:attachment":[{"href":"https:\/\/skintrade.org\/pt-pt\/wp-json\/wp\/v2\/media?parent=13317"}],"wp:term":[{"taxonomy":"product_brand","embeddable":true,"href":"https:\/\/skintrade.org\/pt-pt\/wp-json\/wp\/v2\/product_brand?post=13317"},{"taxonomy":"product_cat","embeddable":true,"href":"https:\/\/skintrade.org\/pt-pt\/wp-json\/wp\/v2\/product_cat?post=13317"},{"taxonomy":"product_tag","embeddable":true,"href":"https:\/\/skintrade.org\/pt-pt\/wp-json\/wp\/v2\/product_tag?post=13317"}],"curies":[{"name":"wp","href":"https:\/\/api.w.org\/{rel}","templated":true}]}}