{"id":13316,"date":"2022-09-19T11:09:16","date_gmt":"2022-09-19T11:09:16","guid":{"rendered":"https:\/\/skin2go.r-s.space\/product\/specialist-gloves-fade\/"},"modified":"2023-04-26T15:17:23","modified_gmt":"2023-04-26T15:17:23","slug":"specialist-gloves-fade","status":"publish","type":"product","link":"https:\/\/skintrade.org\/pt-pt\/produto\/specialist-gloves-fade\/","title":{"rendered":"Fade"},"content":{"rendered":"<p>A parte superior das luvas \u00e9 feita de tecido texturizado azul-escuro e complementada com inser\u00e7\u00f5es de borracha com gradiente em v\u00e1rios tons de roxo, rosa e amarelo. A palma da m\u00e3o \u00e9 feita de couro preto e refor\u00e7ada com inser\u00e7\u00f5es em cinzento escuro.<\/p>\n","protected":false},"excerpt":{"rendered":"<p>A parte superior das luvas \u00e9 feita de tecido texturizado azul-escuro e complementada com inser\u00e7\u00f5es de borracha com gradiente em v\u00e1rios tons de roxo, rosa e amarelo. A palma da m\u00e3o \u00e9 feita de couro preto e refor\u00e7ada com inser\u00e7\u00f5es em cinzento escuro.<\/p>\n","protected":false},"featured_media":12817,"template":"","meta":[],"product_brand":[],"product_cat":[274,292],"product_tag":[],"class_list":{"0":"post-13316","1":"product","2":"type-product","3":"status-publish","4":"has-post-thumbnail","6":"product_cat-luvas","7":"product_cat-luvas-de-especialista","8":"pa_rarity-extraordinario","9":"pa_subcategories-luvas-de-especialista","11":"first","12":"instock","13":"shipping-taxable","14":"purchasable","15":"product-type-simple"},"_links":{"self":[{"href":"https:\/\/skintrade.org\/pt-pt\/wp-json\/wp\/v2\/product\/13316","targetHints":{"allow":["GET"]}}],"collection":[{"href":"https:\/\/skintrade.org\/pt-pt\/wp-json\/wp\/v2\/product"}],"about":[{"href":"https:\/\/skintrade.org\/pt-pt\/wp-json\/wp\/v2\/types\/product"}],"wp:featuredmedia":[{"embeddable":true,"href":"https:\/\/skintrade.org\/pt-pt\/wp-json\/wp\/v2\/media\/12817"}],"wp:attachment":[{"href":"https:\/\/skintrade.org\/pt-pt\/wp-json\/wp\/v2\/media?parent=13316"}],"wp:term":[{"taxonomy":"product_brand","embeddable":true,"href":"https:\/\/skintrade.org\/pt-pt\/wp-json\/wp\/v2\/product_brand?post=13316"},{"taxonomy":"product_cat","embeddable":true,"href":"https:\/\/skintrade.org\/pt-pt\/wp-json\/wp\/v2\/product_cat?post=13316"},{"taxonomy":"product_tag","embeddable":true,"href":"https:\/\/skintrade.org\/pt-pt\/wp-json\/wp\/v2\/product_tag?post=13316"}],"curies":[{"name":"wp","href":"https:\/\/api.w.org\/{rel}","templated":true}]}}