{"id":13314,"date":"2022-09-19T11:12:25","date_gmt":"2022-09-19T11:12:25","guid":{"rendered":"https:\/\/skin2go.r-s.space\/product\/specialist-gloves-marble-fade\/"},"modified":"2023-04-26T15:16:40","modified_gmt":"2023-04-26T15:16:40","slug":"specialist-gloves-marble-fade","status":"publish","type":"product","link":"https:\/\/skintrade.org\/pt-pt\/produto\/specialist-gloves-marble-fade\/","title":{"rendered":"Marble Fade"},"content":{"rendered":"<p>O lado exterior das luvas \u00e9 feito de um material sint\u00e9tico azul-escuro texturizado e \u00e9 complementado por inser\u00e7\u00f5es de borracha com gradiente em v\u00e1rios tons de roxo, rosa e amarelo. O lado da palma das luvas \u00e9 feito de tecido vermelho com inser\u00e7\u00f5es de camur\u00e7a preta.<\/p>\n","protected":false},"excerpt":{"rendered":"<p>O lado exterior das luvas \u00e9 feito de um material sint\u00e9tico azul-escuro texturizado e \u00e9 complementado por inser\u00e7\u00f5es de borracha com gradiente em v\u00e1rios tons de roxo, rosa e amarelo. O lado da palma das luvas \u00e9 feito de tecido vermelho com inser\u00e7\u00f5es de camur\u00e7a preta.<\/p>\n","protected":false},"featured_media":12820,"template":"","meta":[],"product_brand":[],"product_cat":[274,292],"product_tag":[],"class_list":{"0":"post-13314","1":"product","2":"type-product","3":"status-publish","4":"has-post-thumbnail","6":"product_cat-luvas","7":"product_cat-luvas-de-especialista","8":"pa_rarity-extraordinario","9":"pa_start-five-stars-pt-pt","10":"pa_subcategories-luvas-de-especialista","12":"first","13":"instock","14":"shipping-taxable","15":"purchasable","16":"product-type-simple"},"_links":{"self":[{"href":"https:\/\/skintrade.org\/pt-pt\/wp-json\/wp\/v2\/product\/13314","targetHints":{"allow":["GET"]}}],"collection":[{"href":"https:\/\/skintrade.org\/pt-pt\/wp-json\/wp\/v2\/product"}],"about":[{"href":"https:\/\/skintrade.org\/pt-pt\/wp-json\/wp\/v2\/types\/product"}],"wp:featuredmedia":[{"embeddable":true,"href":"https:\/\/skintrade.org\/pt-pt\/wp-json\/wp\/v2\/media\/12820"}],"wp:attachment":[{"href":"https:\/\/skintrade.org\/pt-pt\/wp-json\/wp\/v2\/media?parent=13314"}],"wp:term":[{"taxonomy":"product_brand","embeddable":true,"href":"https:\/\/skintrade.org\/pt-pt\/wp-json\/wp\/v2\/product_brand?post=13314"},{"taxonomy":"product_cat","embeddable":true,"href":"https:\/\/skintrade.org\/pt-pt\/wp-json\/wp\/v2\/product_cat?post=13314"},{"taxonomy":"product_tag","embeddable":true,"href":"https:\/\/skintrade.org\/pt-pt\/wp-json\/wp\/v2\/product_tag?post=13314"}],"curies":[{"name":"wp","href":"https:\/\/api.w.org\/{rel}","templated":true}]}}