{"id":13313,"date":"2022-09-19T11:17:01","date_gmt":"2022-09-19T11:17:01","guid":{"rendered":"https:\/\/skin2go.r-s.space\/product\/sport-gloves-hedge-maze\/"},"modified":"2023-04-26T15:13:41","modified_gmt":"2023-04-26T15:13:41","slug":"sport-gloves-hedge-maze","status":"publish","type":"product","link":"https:\/\/skintrade.org\/pt-pt\/produto\/sport-gloves-hedge-maze\/","title":{"rendered":"Hedge Maze"},"content":{"rendered":"<p>A parte superior das luvas \u00e9 feita de tecidos texturizados verde-escuro e verde-claro e complementada com detalhes em cinzento-claro. O lado da palma \u00e9 feito de tecido verde claro, adornado com um padr\u00e3o de log\u00f3tipos brancos e refor\u00e7ado com inser\u00e7\u00f5es cinzentas claras.<\/p>\n","protected":false},"excerpt":{"rendered":"<p>A parte superior das luvas \u00e9 feita de tecidos texturizados verde-escuro e verde-claro e complementada com detalhes em cinzento-claro. O lado da palma \u00e9 feito de tecido verde claro, adornado com um padr\u00e3o de log\u00f3tipos brancos e refor\u00e7ado com inser\u00e7\u00f5es cinzentas claras.<\/p>\n","protected":false},"featured_media":12826,"template":"","meta":[],"product_brand":[],"product_cat":[274,293],"product_tag":[],"class_list":{"0":"post-13313","1":"product","2":"type-product","3":"status-publish","4":"has-post-thumbnail","6":"product_cat-luvas","7":"product_cat-luvas-desportivas","8":"pa_rarity-extraordinario","9":"pa_start-three-stars-pt-pt","10":"pa_subcategories-luvas-desportivas","12":"first","13":"instock","14":"shipping-taxable","15":"purchasable","16":"product-type-simple"},"_links":{"self":[{"href":"https:\/\/skintrade.org\/pt-pt\/wp-json\/wp\/v2\/product\/13313","targetHints":{"allow":["GET"]}}],"collection":[{"href":"https:\/\/skintrade.org\/pt-pt\/wp-json\/wp\/v2\/product"}],"about":[{"href":"https:\/\/skintrade.org\/pt-pt\/wp-json\/wp\/v2\/types\/product"}],"wp:featuredmedia":[{"embeddable":true,"href":"https:\/\/skintrade.org\/pt-pt\/wp-json\/wp\/v2\/media\/12826"}],"wp:attachment":[{"href":"https:\/\/skintrade.org\/pt-pt\/wp-json\/wp\/v2\/media?parent=13313"}],"wp:term":[{"taxonomy":"product_brand","embeddable":true,"href":"https:\/\/skintrade.org\/pt-pt\/wp-json\/wp\/v2\/product_brand?post=13313"},{"taxonomy":"product_cat","embeddable":true,"href":"https:\/\/skintrade.org\/pt-pt\/wp-json\/wp\/v2\/product_cat?post=13313"},{"taxonomy":"product_tag","embeddable":true,"href":"https:\/\/skintrade.org\/pt-pt\/wp-json\/wp\/v2\/product_tag?post=13313"}],"curies":[{"name":"wp","href":"https:\/\/api.w.org\/{rel}","templated":true}]}}