{"id":13312,"date":"2022-09-19T11:14:37","date_gmt":"2022-09-19T11:14:37","guid":{"rendered":"https:\/\/skin2go.r-s.space\/product\/specialist-gloves-emerald-web\/"},"modified":"2023-04-26T15:14:11","modified_gmt":"2023-04-26T15:14:11","slug":"specialist-gloves-emerald-web","status":"publish","type":"product","link":"https:\/\/skintrade.org\/pt-pt\/produto\/specialist-gloves-emerald-web\/","title":{"rendered":"Emerald Web"},"content":{"rendered":"<p>A parte superior das luvas \u00e9 feita de tecido verde escuro e cinzento e adornada com um padr\u00e3o texturizado de teia de aranha verde claro. O design \u00e9 complementado com inser\u00e7\u00f5es de borracha verdes. O lado da palma \u00e9 feito de tecido cinzento e refor\u00e7ado com inser\u00e7\u00f5es cinzentas escuras.<\/p>\n","protected":false},"excerpt":{"rendered":"<p>A parte superior das luvas \u00e9 feita de tecido verde escuro e cinzento e adornada com um padr\u00e3o texturizado de teia de aranha verde claro. O design \u00e9 complementado com inser\u00e7\u00f5es de borracha verdes. O lado da palma \u00e9 feito de tecido cinzento e refor\u00e7ado com inser\u00e7\u00f5es cinzentas escuras.<\/p>\n","protected":false},"featured_media":12823,"template":"","meta":[],"product_brand":[],"product_cat":[274,292],"product_tag":[],"class_list":{"0":"post-13312","1":"product","2":"type-product","3":"status-publish","4":"has-post-thumbnail","6":"product_cat-luvas","7":"product_cat-luvas-de-especialista","8":"pa_rarity-extraordinario","9":"pa_start-three-stars-pt-pt","10":"pa_subcategories-luvas-de-especialista","12":"first","13":"instock","14":"shipping-taxable","15":"purchasable","16":"product-type-simple"},"_links":{"self":[{"href":"https:\/\/skintrade.org\/pt-pt\/wp-json\/wp\/v2\/product\/13312","targetHints":{"allow":["GET"]}}],"collection":[{"href":"https:\/\/skintrade.org\/pt-pt\/wp-json\/wp\/v2\/product"}],"about":[{"href":"https:\/\/skintrade.org\/pt-pt\/wp-json\/wp\/v2\/types\/product"}],"wp:featuredmedia":[{"embeddable":true,"href":"https:\/\/skintrade.org\/pt-pt\/wp-json\/wp\/v2\/media\/12823"}],"wp:attachment":[{"href":"https:\/\/skintrade.org\/pt-pt\/wp-json\/wp\/v2\/media?parent=13312"}],"wp:term":[{"taxonomy":"product_brand","embeddable":true,"href":"https:\/\/skintrade.org\/pt-pt\/wp-json\/wp\/v2\/product_brand?post=13312"},{"taxonomy":"product_cat","embeddable":true,"href":"https:\/\/skintrade.org\/pt-pt\/wp-json\/wp\/v2\/product_cat?post=13312"},{"taxonomy":"product_tag","embeddable":true,"href":"https:\/\/skintrade.org\/pt-pt\/wp-json\/wp\/v2\/product_tag?post=13312"}],"curies":[{"name":"wp","href":"https:\/\/api.w.org\/{rel}","templated":true}]}}