{"id":13303,"date":"2022-09-19T11:25:11","date_gmt":"2022-09-19T11:25:11","guid":{"rendered":"https:\/\/skin2go.r-s.space\/product\/sport-gloves-amphibious\/"},"modified":"2023-04-26T15:03:41","modified_gmt":"2023-04-26T15:03:41","slug":"sport-gloves-amphibious","status":"publish","type":"product","link":"https:\/\/skintrade.org\/pt-pt\/produto\/sport-gloves-amphibious\/","title":{"rendered":"Amphibious"},"content":{"rendered":"<p>A parte superior das luvas \u00e9 feita de tecido sint\u00e9tico adornado com um padr\u00e3o abstracto feito em v\u00e1rios tons de azul e complementado com detalhes em branco. O lado da palma \u00e9 feito de tecido sint\u00e9tico cinzento claro e refor\u00e7ado com inser\u00e7\u00f5es azuis.<\/p>\n","protected":false},"excerpt":{"rendered":"<p>A parte superior das luvas \u00e9 feita de tecido sint\u00e9tico adornado com um padr\u00e3o abstracto feito em v\u00e1rios tons de azul e complementado com detalhes em branco. O lado da palma \u00e9 feito de tecido sint\u00e9tico cinzento claro e refor\u00e7ado com inser\u00e7\u00f5es azuis.<\/p>\n","protected":false},"featured_media":12838,"template":"","meta":[],"product_brand":[],"product_cat":[274,293],"product_tag":[],"class_list":{"0":"post-13303","1":"product","2":"type-product","3":"status-publish","4":"has-post-thumbnail","6":"product_cat-luvas","7":"product_cat-luvas-desportivas","8":"pa_rarity-extraordinario","9":"pa_start-four-stars-pt-pt","10":"pa_subcategories-luvas-desportivas","12":"first","13":"instock","14":"shipping-taxable","15":"purchasable","16":"product-type-simple"},"_links":{"self":[{"href":"https:\/\/skintrade.org\/pt-pt\/wp-json\/wp\/v2\/product\/13303","targetHints":{"allow":["GET"]}}],"collection":[{"href":"https:\/\/skintrade.org\/pt-pt\/wp-json\/wp\/v2\/product"}],"about":[{"href":"https:\/\/skintrade.org\/pt-pt\/wp-json\/wp\/v2\/types\/product"}],"wp:featuredmedia":[{"embeddable":true,"href":"https:\/\/skintrade.org\/pt-pt\/wp-json\/wp\/v2\/media\/12838"}],"wp:attachment":[{"href":"https:\/\/skintrade.org\/pt-pt\/wp-json\/wp\/v2\/media?parent=13303"}],"wp:term":[{"taxonomy":"product_brand","embeddable":true,"href":"https:\/\/skintrade.org\/pt-pt\/wp-json\/wp\/v2\/product_brand?post=13303"},{"taxonomy":"product_cat","embeddable":true,"href":"https:\/\/skintrade.org\/pt-pt\/wp-json\/wp\/v2\/product_cat?post=13303"},{"taxonomy":"product_tag","embeddable":true,"href":"https:\/\/skintrade.org\/pt-pt\/wp-json\/wp\/v2\/product_tag?post=13303"}],"curies":[{"name":"wp","href":"https:\/\/api.w.org\/{rel}","templated":true}]}}