{"id":13302,"date":"2023-01-31T12:51:55","date_gmt":"2023-01-31T12:51:55","guid":{"rendered":"https:\/\/skin2go.r-s.space\/product\/shadow-daggers-tiger-tooth\/"},"modified":"2023-04-26T15:03:11","modified_gmt":"2023-04-26T15:03:11","slug":"shadow-daggers-tiger-tooth","status":"publish","type":"product","link":"https:\/\/skintrade.org\/pt-pt\/produto\/shadow-daggers-tiger-tooth\/","title":{"rendered":"Tiger Tooth"},"content":{"rendered":"<p>Adagas das Sombras | Dente de Tigre (Huntsman TT) foram adicionadas ao jogo a 15 de Mar\u00e7o de 2017, juntamente com a actualiza\u00e7\u00e3o &#8220;Fa\u00e7a uma viagem aos canais&#8221;. A skin est\u00e1 dispon\u00edvel nas caixas &#8220;Spectrum&#8221; e &#8220;Spectrum 2&#8221;.<\/p>\n","protected":false},"excerpt":{"rendered":"<p>Adagas das Sombras | Dente de Tigre (Huntsman TT) foram adicionadas ao jogo a 15 de Mar\u00e7o de 2017, juntamente com a actualiza\u00e7\u00e3o &#8220;Fa\u00e7a uma viagem aos canais&#8221;. A skin est\u00e1 dispon\u00edvel nas caixas &#8220;Spectrum&#8221; e &#8220;Spectrum 2&#8221;.<\/p>\n","protected":false},"featured_media":12895,"template":"","meta":[],"product_brand":[],"product_cat":[301,315],"product_tag":[],"class_list":{"0":"post-13302","1":"product","2":"type-product","3":"status-publish","4":"has-post-thumbnail","6":"product_cat-facas","7":"product_cat-shadow-daggers-pt-pt","8":"pa_rarity-secreto","9":"pa_start-four-stars-pt-pt","10":"pa_subcategories-shadow-daggers-pt-pt","12":"first","13":"instock","14":"shipping-taxable","15":"purchasable","16":"product-type-simple"},"_links":{"self":[{"href":"https:\/\/skintrade.org\/pt-pt\/wp-json\/wp\/v2\/product\/13302","targetHints":{"allow":["GET"]}}],"collection":[{"href":"https:\/\/skintrade.org\/pt-pt\/wp-json\/wp\/v2\/product"}],"about":[{"href":"https:\/\/skintrade.org\/pt-pt\/wp-json\/wp\/v2\/types\/product"}],"wp:featuredmedia":[{"embeddable":true,"href":"https:\/\/skintrade.org\/pt-pt\/wp-json\/wp\/v2\/media\/12895"}],"wp:attachment":[{"href":"https:\/\/skintrade.org\/pt-pt\/wp-json\/wp\/v2\/media?parent=13302"}],"wp:term":[{"taxonomy":"product_brand","embeddable":true,"href":"https:\/\/skintrade.org\/pt-pt\/wp-json\/wp\/v2\/product_brand?post=13302"},{"taxonomy":"product_cat","embeddable":true,"href":"https:\/\/skintrade.org\/pt-pt\/wp-json\/wp\/v2\/product_cat?post=13302"},{"taxonomy":"product_tag","embeddable":true,"href":"https:\/\/skintrade.org\/pt-pt\/wp-json\/wp\/v2\/product_tag?post=13302"}],"curies":[{"name":"wp","href":"https:\/\/api.w.org\/{rel}","templated":true}]}}