{"id":13301,"date":"2023-01-31T12:55:02","date_gmt":"2023-01-31T12:55:02","guid":{"rendered":"https:\/\/skin2go.r-s.space\/product\/stattrak-ak-47-asiimov\/"},"modified":"2025-08-21T13:45:23","modified_gmt":"2025-08-21T13:45:23","slug":"stattrak-ak-47-asiimov","status":"publish","type":"product","link":"https:\/\/skintrade.org\/pt-pt\/produto\/stattrak-ak-47-asiimov\/","title":{"rendered":"Asiimov"},"content":{"rendered":"<p>AK-47 | Asiimov foi adicionado ao jogo a 6 de Dezembro de 2018, como parte da Colec\u00e7\u00e3o da Zona de Perigo, que foi lan\u00e7ada juntamente com a actualiza\u00e7\u00e3o &#8220;Bem-vindo \u00e0 Zona de Perigo&#8221;.<\/p>\n","protected":false},"excerpt":{"rendered":"<p>AK-47 | Asiimov foi adicionado ao jogo a 6 de Dezembro de 2018, como parte da Colec\u00e7\u00e3o da Zona de Perigo, que foi lan\u00e7ada juntamente com a actualiza\u00e7\u00e3o &#8220;Bem-vindo \u00e0 Zona de Perigo&#8221;.<\/p>\n","protected":false},"featured_media":12898,"template":"","meta":[],"product_brand":[],"product_cat":[268,269],"product_tag":[],"class_list":{"0":"post-13301","1":"product","2":"type-product","3":"status-publish","4":"has-post-thumbnail","6":"product_cat-ak-47-pt-pt-espingarda","7":"product_cat-espingarda","8":"pa_rarity-secreto","9":"pa_start-five-stars-pt-pt","10":"pa_subcategories-ak-47-pt-pt","12":"first","13":"instock","14":"shipping-taxable","15":"purchasable","16":"product-type-simple"},"_links":{"self":[{"href":"https:\/\/skintrade.org\/pt-pt\/wp-json\/wp\/v2\/product\/13301","targetHints":{"allow":["GET"]}}],"collection":[{"href":"https:\/\/skintrade.org\/pt-pt\/wp-json\/wp\/v2\/product"}],"about":[{"href":"https:\/\/skintrade.org\/pt-pt\/wp-json\/wp\/v2\/types\/product"}],"wp:featuredmedia":[{"embeddable":true,"href":"https:\/\/skintrade.org\/pt-pt\/wp-json\/wp\/v2\/media\/12898"}],"wp:attachment":[{"href":"https:\/\/skintrade.org\/pt-pt\/wp-json\/wp\/v2\/media?parent=13301"}],"wp:term":[{"taxonomy":"product_brand","embeddable":true,"href":"https:\/\/skintrade.org\/pt-pt\/wp-json\/wp\/v2\/product_brand?post=13301"},{"taxonomy":"product_cat","embeddable":true,"href":"https:\/\/skintrade.org\/pt-pt\/wp-json\/wp\/v2\/product_cat?post=13301"},{"taxonomy":"product_tag","embeddable":true,"href":"https:\/\/skintrade.org\/pt-pt\/wp-json\/wp\/v2\/product_tag?post=13301"}],"curies":[{"name":"wp","href":"https:\/\/api.w.org\/{rel}","templated":true}]}}