{"id":13299,"date":"2023-03-01T12:55:10","date_gmt":"2023-03-01T12:55:10","guid":{"rendered":"https:\/\/skin2go.r-s.space\/product\/doppler-phase-2\/"},"modified":"2023-04-26T14:41:31","modified_gmt":"2023-04-26T14:41:31","slug":"doppler-phase-2","status":"publish","type":"product","link":"https:\/\/skintrade.org\/pt-pt\/produto\/doppler-phase-2\/","title":{"rendered":"Doppler Phase 2"},"content":{"rendered":"<p>Faca Navaja | Doppler Fase 2 (Navaja P2) foi adicionada ao jogo em 13 de mar\u00e7o de 2019, junto com a atualiza\u00e7\u00e3o &#8220;Vendo a Luz&#8221;. A skin est\u00e1 dispon\u00edvel na Mala Prisma.<\/p>\n","protected":false},"excerpt":{"rendered":"<p>Faca Navaja | Doppler Fase 2 (Navaja P2) foi adicionada ao jogo em 13 de mar\u00e7o de 2019, junto com a atualiza\u00e7\u00e3o &#8220;Vendo a Luz&#8221;. A skin est\u00e1 dispon\u00edvel na Mala Prisma.<\/p>\n","protected":false},"featured_media":12922,"template":"","meta":[],"product_brand":[],"product_cat":[312,301],"product_tag":[],"class_list":{"0":"post-13299","1":"product","2":"type-product","3":"status-publish","4":"has-post-thumbnail","6":"product_cat-faca-navaja","7":"product_cat-facas","8":"pa_rarity-secreto","9":"pa_start-three-stars-pt-pt","10":"pa_subcategories-faca-navaja","12":"first","13":"instock","14":"shipping-taxable","15":"purchasable","16":"product-type-simple"},"_links":{"self":[{"href":"https:\/\/skintrade.org\/pt-pt\/wp-json\/wp\/v2\/product\/13299","targetHints":{"allow":["GET"]}}],"collection":[{"href":"https:\/\/skintrade.org\/pt-pt\/wp-json\/wp\/v2\/product"}],"about":[{"href":"https:\/\/skintrade.org\/pt-pt\/wp-json\/wp\/v2\/types\/product"}],"wp:featuredmedia":[{"embeddable":true,"href":"https:\/\/skintrade.org\/pt-pt\/wp-json\/wp\/v2\/media\/12922"}],"wp:attachment":[{"href":"https:\/\/skintrade.org\/pt-pt\/wp-json\/wp\/v2\/media?parent=13299"}],"wp:term":[{"taxonomy":"product_brand","embeddable":true,"href":"https:\/\/skintrade.org\/pt-pt\/wp-json\/wp\/v2\/product_brand?post=13299"},{"taxonomy":"product_cat","embeddable":true,"href":"https:\/\/skintrade.org\/pt-pt\/wp-json\/wp\/v2\/product_cat?post=13299"},{"taxonomy":"product_tag","embeddable":true,"href":"https:\/\/skintrade.org\/pt-pt\/wp-json\/wp\/v2\/product_tag?post=13299"}],"curies":[{"name":"wp","href":"https:\/\/api.w.org\/{rel}","templated":true}]}}