{"id":13297,"date":"2023-03-01T12:41:44","date_gmt":"2023-03-01T12:41:44","guid":{"rendered":"https:\/\/skin2go.r-s.space\/product\/usp-s-printstream-2\/"},"modified":"2023-04-26T14:38:19","modified_gmt":"2023-04-26T14:38:19","slug":"usp-s-printstream-2","status":"publish","type":"product","link":"https:\/\/skintrade.org\/pt-pt\/produto\/usp-s-printstream-2\/","title":{"rendered":"Printstream"},"content":{"rendered":"<p>USP-S | Printstream foi adicionado ao jogo em 1 de julho de 2022, como parte da The Recoil Collection, que foi lan\u00e7ada juntamente com a atualiza\u00e7\u00e3o A New Cassssssse. O visual foi criado por JTPNZ.<\/p>\n","protected":false},"excerpt":{"rendered":"<p>USP-S | Printstream foi adicionado ao jogo em 1 de julho de 2022, como parte da The Recoil Collection, que foi lan\u00e7ada juntamente com a atualiza\u00e7\u00e3o A New Cassssssse. O visual foi criado por JTPNZ.<\/p>\n","protected":false},"featured_media":12910,"template":"","meta":[],"product_brand":[],"product_cat":[321,331],"product_tag":[],"class_list":{"0":"post-13297","1":"product","2":"type-product","3":"status-publish","4":"has-post-thumbnail","6":"product_cat-pistolas","7":"product_cat-usp-s-pt-pt","8":"pa_rarity-secreto","9":"pa_start-three-stars-pt-pt","10":"pa_subcategories-usp-s-pt-pt","12":"first","13":"instock","14":"shipping-taxable","15":"purchasable","16":"product-type-simple"},"_links":{"self":[{"href":"https:\/\/skintrade.org\/pt-pt\/wp-json\/wp\/v2\/product\/13297","targetHints":{"allow":["GET"]}}],"collection":[{"href":"https:\/\/skintrade.org\/pt-pt\/wp-json\/wp\/v2\/product"}],"about":[{"href":"https:\/\/skintrade.org\/pt-pt\/wp-json\/wp\/v2\/types\/product"}],"wp:featuredmedia":[{"embeddable":true,"href":"https:\/\/skintrade.org\/pt-pt\/wp-json\/wp\/v2\/media\/12910"}],"wp:attachment":[{"href":"https:\/\/skintrade.org\/pt-pt\/wp-json\/wp\/v2\/media?parent=13297"}],"wp:term":[{"taxonomy":"product_brand","embeddable":true,"href":"https:\/\/skintrade.org\/pt-pt\/wp-json\/wp\/v2\/product_brand?post=13297"},{"taxonomy":"product_cat","embeddable":true,"href":"https:\/\/skintrade.org\/pt-pt\/wp-json\/wp\/v2\/product_cat?post=13297"},{"taxonomy":"product_tag","embeddable":true,"href":"https:\/\/skintrade.org\/pt-pt\/wp-json\/wp\/v2\/product_tag?post=13297"}],"curies":[{"name":"wp","href":"https:\/\/api.w.org\/{rel}","templated":true}]}}