{"id":13294,"date":"2023-03-01T12:59:17","date_gmt":"2023-03-01T12:59:17","guid":{"rendered":"https:\/\/skin2go.r-s.space\/product\/ak-47-bloodsport\/"},"modified":"2025-08-21T13:44:52","modified_gmt":"2025-08-21T13:44:52","slug":"ak-47-bloodsport","status":"publish","type":"product","link":"https:\/\/skintrade.org\/pt-pt\/produto\/ak-47-bloodsport\/","title":{"rendered":"Bloodsport"},"content":{"rendered":"<p>AK-47 | Bloodsport foi adicionado ao jogo em 15 de Mar\u00e7o de 2017, como parte da The Spectrum Collection, que foi lan\u00e7ada juntamente com a actualiza\u00e7\u00e3o &#8220;Take a trip to the Canals&#8221;.<\/p>\n","protected":false},"excerpt":{"rendered":"<p>AK-47 | Bloodsport foi adicionado ao jogo em 15 de Mar\u00e7o de 2017, como parte da The Spectrum Collection, que foi lan\u00e7ada juntamente com a actualiza\u00e7\u00e3o &#8220;Take a trip to the Canals&#8221;.<\/p>\n","protected":false},"featured_media":12925,"template":"","meta":[],"product_brand":[],"product_cat":[268,269],"product_tag":[],"class_list":{"0":"post-13294","1":"product","2":"type-product","3":"status-publish","4":"has-post-thumbnail","6":"product_cat-ak-47-pt-pt-espingarda","7":"product_cat-espingarda","8":"pa_rarity-secreto","9":"pa_start-two-stars-pt-pt","10":"pa_subcategories-ak-47-pt-pt","12":"first","13":"instock","14":"shipping-taxable","15":"purchasable","16":"product-type-simple"},"_links":{"self":[{"href":"https:\/\/skintrade.org\/pt-pt\/wp-json\/wp\/v2\/product\/13294","targetHints":{"allow":["GET"]}}],"collection":[{"href":"https:\/\/skintrade.org\/pt-pt\/wp-json\/wp\/v2\/product"}],"about":[{"href":"https:\/\/skintrade.org\/pt-pt\/wp-json\/wp\/v2\/types\/product"}],"wp:featuredmedia":[{"embeddable":true,"href":"https:\/\/skintrade.org\/pt-pt\/wp-json\/wp\/v2\/media\/12925"}],"wp:attachment":[{"href":"https:\/\/skintrade.org\/pt-pt\/wp-json\/wp\/v2\/media?parent=13294"}],"wp:term":[{"taxonomy":"product_brand","embeddable":true,"href":"https:\/\/skintrade.org\/pt-pt\/wp-json\/wp\/v2\/product_brand?post=13294"},{"taxonomy":"product_cat","embeddable":true,"href":"https:\/\/skintrade.org\/pt-pt\/wp-json\/wp\/v2\/product_cat?post=13294"},{"taxonomy":"product_tag","embeddable":true,"href":"https:\/\/skintrade.org\/pt-pt\/wp-json\/wp\/v2\/product_tag?post=13294"}],"curies":[{"name":"wp","href":"https:\/\/api.w.org\/{rel}","templated":true}]}}