{"id":13293,"date":"2023-03-01T12:55:16","date_gmt":"2023-03-01T12:55:16","guid":{"rendered":"https:\/\/skin2go.r-s.space\/product\/ak-47-case-hardened\/"},"modified":"2023-04-26T14:30:50","modified_gmt":"2023-04-26T14:30:50","slug":"ak-47-case-hardened","status":"publish","type":"product","link":"https:\/\/skintrade.org\/pt-pt\/produto\/ak-47-case-hardened\/","title":{"rendered":"Case Hardened"},"content":{"rendered":"<p>AK-47 | Case Hardened foi adicionado ao jogo em 13 de Agosto de 2013, como parte da colec\u00e7\u00e3o The Arms Deal, que foi lan\u00e7ada juntamente com a actualiza\u00e7\u00e3o &#8220;The Arms Deal&#8221;.<\/p>\n","protected":false},"excerpt":{"rendered":"<p>AK-47 | Case Hardened foi adicionado ao jogo em 13 de Agosto de 2013, como parte da colec\u00e7\u00e3o The Arms Deal, que foi lan\u00e7ada juntamente com a actualiza\u00e7\u00e3o &#8220;The Arms Deal&#8221;.<\/p>\n","protected":false},"featured_media":12919,"template":"","meta":[],"product_brand":[],"product_cat":[268,269],"product_tag":[],"class_list":{"0":"post-13293","1":"product","2":"type-product","3":"status-publish","4":"has-post-thumbnail","6":"product_cat-ak-47-pt-pt-espingarda","7":"product_cat-espingarda","8":"pa_rarity-confidencial","9":"pa_start-four-stars-pt-pt","10":"pa_subcategories-ak-47-pt-pt","12":"first","13":"instock","14":"shipping-taxable","15":"purchasable","16":"product-type-simple"},"_links":{"self":[{"href":"https:\/\/skintrade.org\/pt-pt\/wp-json\/wp\/v2\/product\/13293","targetHints":{"allow":["GET"]}}],"collection":[{"href":"https:\/\/skintrade.org\/pt-pt\/wp-json\/wp\/v2\/product"}],"about":[{"href":"https:\/\/skintrade.org\/pt-pt\/wp-json\/wp\/v2\/types\/product"}],"wp:featuredmedia":[{"embeddable":true,"href":"https:\/\/skintrade.org\/pt-pt\/wp-json\/wp\/v2\/media\/12919"}],"wp:attachment":[{"href":"https:\/\/skintrade.org\/pt-pt\/wp-json\/wp\/v2\/media?parent=13293"}],"wp:term":[{"taxonomy":"product_brand","embeddable":true,"href":"https:\/\/skintrade.org\/pt-pt\/wp-json\/wp\/v2\/product_brand?post=13293"},{"taxonomy":"product_cat","embeddable":true,"href":"https:\/\/skintrade.org\/pt-pt\/wp-json\/wp\/v2\/product_cat?post=13293"},{"taxonomy":"product_tag","embeddable":true,"href":"https:\/\/skintrade.org\/pt-pt\/wp-json\/wp\/v2\/product_tag?post=13293"}],"curies":[{"name":"wp","href":"https:\/\/api.w.org\/{rel}","templated":true}]}}