{"id":13292,"date":"2023-03-01T13:03:26","date_gmt":"2023-03-01T13:03:26","guid":{"rendered":"https:\/\/skin2go.r-s.space\/product\/rust-coat\/"},"modified":"2023-04-26T14:29:24","modified_gmt":"2023-04-26T14:29:24","slug":"rust-coat","status":"publish","type":"product","link":"https:\/\/skintrade.org\/pt-pt\/produto\/rust-coat\/","title":{"rendered":"Rust Coat"},"content":{"rendered":"<p>Bowie Knife | Rust Coat foi adicionada ao jogo em 15 de Mar\u00e7o de 2017, juntamente com a actualiza\u00e7\u00e3o &#8220;Take a trip to the Canals&#8221;. A skin est\u00e1 dispon\u00edvel nos casos &#8220;Spectrum&#8221; e &#8220;Spectrum 2&#8221;.<\/p>\n","protected":false},"excerpt":{"rendered":"<p>Bowie Knife | Rust Coat foi adicionada ao jogo em 15 de Mar\u00e7o de 2017, juntamente com a actualiza\u00e7\u00e3o &#8220;Take a trip to the Canals&#8221;. A skin est\u00e1 dispon\u00edvel nos casos &#8220;Spectrum&#8221; e &#8220;Spectrum 2&#8221;.<\/p>\n","protected":false},"featured_media":12931,"template":"","meta":[],"product_brand":[],"product_cat":[303,301],"product_tag":[],"class_list":{"0":"post-13292","1":"product","2":"type-product","3":"status-publish","4":"has-post-thumbnail","6":"product_cat-faca-bowie","7":"product_cat-facas","8":"pa_rarity-secreto","9":"pa_start-three-stars-pt-pt","10":"pa_subcategories-faca-bowie","12":"first","13":"instock","14":"shipping-taxable","15":"purchasable","16":"product-type-simple"},"_links":{"self":[{"href":"https:\/\/skintrade.org\/pt-pt\/wp-json\/wp\/v2\/product\/13292","targetHints":{"allow":["GET"]}}],"collection":[{"href":"https:\/\/skintrade.org\/pt-pt\/wp-json\/wp\/v2\/product"}],"about":[{"href":"https:\/\/skintrade.org\/pt-pt\/wp-json\/wp\/v2\/types\/product"}],"wp:featuredmedia":[{"embeddable":true,"href":"https:\/\/skintrade.org\/pt-pt\/wp-json\/wp\/v2\/media\/12931"}],"wp:attachment":[{"href":"https:\/\/skintrade.org\/pt-pt\/wp-json\/wp\/v2\/media?parent=13292"}],"wp:term":[{"taxonomy":"product_brand","embeddable":true,"href":"https:\/\/skintrade.org\/pt-pt\/wp-json\/wp\/v2\/product_brand?post=13292"},{"taxonomy":"product_cat","embeddable":true,"href":"https:\/\/skintrade.org\/pt-pt\/wp-json\/wp\/v2\/product_cat?post=13292"},{"taxonomy":"product_tag","embeddable":true,"href":"https:\/\/skintrade.org\/pt-pt\/wp-json\/wp\/v2\/product_tag?post=13292"}],"curies":[{"name":"wp","href":"https:\/\/api.w.org\/{rel}","templated":true}]}}