{"id":13289,"date":"2023-03-01T13:06:03","date_gmt":"2023-03-01T13:06:03","guid":{"rendered":"https:\/\/skin2go.r-s.space\/product\/atheris\/"},"modified":"2025-08-21T13:44:57","modified_gmt":"2025-08-21T13:44:57","slug":"atheris","status":"publish","type":"product","link":"https:\/\/skintrade.org\/pt-pt\/produto\/atheris\/","title":{"rendered":"Atheris"},"content":{"rendered":"<p>AWP | Atheris apareceu na Oficina em 30 de outubro de 2018 e foi adicionado ao jogo em 14 de mar\u00e7o de 2019, como parte da Cole\u00e7\u00e3o Prisma, que foi lan\u00e7ada junto com a atualiza\u00e7\u00e3o &#8220;Vendo a Luz&#8221;.<\/p>\n","protected":false},"excerpt":{"rendered":"<p>AWP | Atheris apareceu na Oficina em 30 de outubro de 2018 e foi adicionado ao jogo em 14 de mar\u00e7o de 2019, como parte da Cole\u00e7\u00e3o Prisma, que foi lan\u00e7ada junto com a atualiza\u00e7\u00e3o &#8220;Vendo a Luz&#8221;.<\/p>\n","protected":false},"featured_media":12934,"template":"","meta":[],"product_brand":[],"product_cat":[333,269],"product_tag":[],"class_list":{"0":"post-13289","1":"product","2":"type-product","3":"status-publish","4":"has-post-thumbnail","6":"product_cat-awp-pt-pt","7":"product_cat-espingarda","8":"pa_rarity-restrito","9":"pa_start-two-stars-pt-pt","10":"pa_subcategories-awp-pt-pt","12":"first","13":"instock","14":"shipping-taxable","15":"purchasable","16":"product-type-simple"},"_links":{"self":[{"href":"https:\/\/skintrade.org\/pt-pt\/wp-json\/wp\/v2\/product\/13289","targetHints":{"allow":["GET"]}}],"collection":[{"href":"https:\/\/skintrade.org\/pt-pt\/wp-json\/wp\/v2\/product"}],"about":[{"href":"https:\/\/skintrade.org\/pt-pt\/wp-json\/wp\/v2\/types\/product"}],"wp:featuredmedia":[{"embeddable":true,"href":"https:\/\/skintrade.org\/pt-pt\/wp-json\/wp\/v2\/media\/12934"}],"wp:attachment":[{"href":"https:\/\/skintrade.org\/pt-pt\/wp-json\/wp\/v2\/media?parent=13289"}],"wp:term":[{"taxonomy":"product_brand","embeddable":true,"href":"https:\/\/skintrade.org\/pt-pt\/wp-json\/wp\/v2\/product_brand?post=13289"},{"taxonomy":"product_cat","embeddable":true,"href":"https:\/\/skintrade.org\/pt-pt\/wp-json\/wp\/v2\/product_cat?post=13289"},{"taxonomy":"product_tag","embeddable":true,"href":"https:\/\/skintrade.org\/pt-pt\/wp-json\/wp\/v2\/product_tag?post=13289"}],"curies":[{"name":"wp","href":"https:\/\/api.w.org\/{rel}","templated":true}]}}